{"id":925,"date":"2016-09-20T06:05:26","date_gmt":"2016-09-20T04:05:26","guid":{"rendered":"http:\/\/studij-gastronomije.com\/en\/?page_id=925"},"modified":"2025-02-26T15:40:11","modified_gmt":"2025-02-26T14:40:11","slug":"practical-training","status":"publish","type":"page","link":"https:\/\/gastronomija-aspira.hr\/en\/practical-training","title":{"rendered":"Practical training"},"content":{"rendered":"<p>[vc_row][vc_column][vc_column_text]<\/p>\n<h1>Practical training<\/h1>\n<p>[\/vc_column_text][\/vc_column][\/vc_row][vc_row full_width=&#8221;stretch_row&#8221; full_height=&#8221;yes&#8221; bg_type=&#8221;bg_color&#8221; type=&#8221;vc_default&#8221; bg_color_value=&#8221;#f2f2f2&#8243;][vc_column width=&#8221;1\/2&#8243;][vc_column_text]The study program of Gastronomy places emphasis on practical training, thus students, apart from practical lessons within the practicum in the first two years of study, in the third year have one entire semester exclusively dedicated to practical training. Moreover, in the last year of study, students go on a gastro study trip to italy, where they learn from top experts in a prestigious and award-winning restaurant.<\/p>\n<p>During the 640 hours of practical training, students have the opportunity to learn from famous chefs in top croatian and world restaurants and hotels. This way students acquire specific knowledge and skills applicable in the labour market, and in the best possible way learn about the job they are about to do in the future.<\/p>\n<p>Aspira has established cooperation with a number of elite hospitality companies, whose chefs as well as food and beverage managers are ready to share their knowledge and experiences with students. Students will be able to show the final results of such practice in their final thesis.[\/vc_column_text][\/vc_column][vc_column width=&#8221;1\/2&#8243;][vc_video link=&#8221;https:\/\/www.youtube.com\/watch?v=gtjKgMoutYY&#8221;][\/vc_column][\/vc_row]<\/p>\n","protected":false},"excerpt":{"rendered":"<p>[vc_row][vc_column][vc_column_text] Practical training [\/vc_column_text][\/vc_column][\/vc_row][vc_row full_width=&#8221;stretch_row&#8221; full_height=&#8221;yes&#8221; bg_type=&#8221;bg_color&#8221; type=&#8221;vc_default&#8221; bg_color_value=&#8221;#f2f2f2&#8243;][vc_column width=&#8221;1\/2&#8243;][vc_column_text]The study program of Gastronomy places emphasis on practical training, thus students, apart from practical lessons within the practicum in the first two years of study, in the third year have one entire semester exclusively dedicated to practical training. Moreover, in the last year of study,&hellip;<\/p>\n","protected":false},"author":1,"featured_media":0,"parent":0,"menu_order":0,"comment_status":"closed","ping_status":"closed","template":"","meta":[],"yoast_head":"<!-- This site is optimized with the Yoast SEO plugin v17.9 - https:\/\/yoast.com\/wordpress\/plugins\/seo\/ -->\n<title>Practical training - ASPIRA - Studijski smjer Gastronomije u Zagrebu i Splitu<\/title>\n<meta name=\"robots\" content=\"index, follow, max-snippet:-1, max-image-preview:large, max-video-preview:-1\" \/>\n<link rel=\"canonical\" href=\"https:\/\/gastronomija-aspira.hr\/en\/practical-training\" \/>\n<meta property=\"og:locale\" content=\"en_US\" \/>\n<meta property=\"og:type\" content=\"article\" \/>\n<meta property=\"og:title\" content=\"Practical training - ASPIRA - Studijski smjer Gastronomije u Zagrebu i Splitu\" \/>\n<meta property=\"og:description\" content=\"[vc_row][vc_column][vc_column_text] Practical training [\/vc_column_text][\/vc_column][\/vc_row][vc_row full_width=&#8221;stretch_row&#8221; full_height=&#8221;yes&#8221; bg_type=&#8221;bg_color&#8221; type=&#8221;vc_default&#8221; bg_color_value=&#8221;#f2f2f2&#8243;][vc_column width=&#8221;1\/2&#8243;][vc_column_text]The study program of Gastronomy places emphasis on practical training, thus students, apart from practical lessons within the practicum in the first two years of study, in the third year have one entire semester exclusively dedicated to practical training. Moreover, in the last year of study,&hellip;\" \/>\n<meta property=\"og:url\" content=\"https:\/\/gastronomija-aspira.hr\/en\/practical-training\" \/>\n<meta property=\"og:site_name\" content=\"ASPIRA - Studijski smjer Gastronomije u Zagrebu i Splitu\" \/>\n<meta property=\"article:modified_time\" content=\"2025-02-26T14:40:11+00:00\" \/>\n<meta name=\"twitter:card\" content=\"summary\" \/>\n<meta name=\"twitter:label1\" content=\"Est. reading time\" \/>\n\t<meta name=\"twitter:data1\" content=\"1 minute\" \/>\n<script type=\"application\/ld+json\" class=\"yoast-schema-graph\">{\"@context\":\"https:\/\/schema.org\",\"@graph\":[{\"@type\":\"Organization\",\"@id\":\"https:\/\/gastronomija-aspira.hr\/#organization\",\"name\":\"Veleu\\u010dili\\u0161te Aspira\",\"url\":\"https:\/\/gastronomija-aspira.hr\/\",\"sameAs\":[],\"logo\":{\"@type\":\"ImageObject\",\"@id\":\"https:\/\/gastronomija-aspira.hr\/#logo\",\"inLanguage\":\"en-US\",\"url\":\"https:\/\/gastronomija-aspira.hr\/wp-content\/uploads\/2016\/05\/aspira-studij-gastronomije.png\",\"contentUrl\":\"https:\/\/gastronomija-aspira.hr\/wp-content\/uploads\/2016\/05\/aspira-studij-gastronomije.png\",\"width\":275,\"height\":60,\"caption\":\"Veleu\\u010dili\\u0161te Aspira\"},\"image\":{\"@id\":\"https:\/\/gastronomija-aspira.hr\/#logo\"}},{\"@type\":\"WebSite\",\"@id\":\"https:\/\/gastronomija-aspira.hr\/#website\",\"url\":\"https:\/\/gastronomija-aspira.hr\/\",\"name\":\"ASPIRA - Studijski smjer Gastronomije u Zagrebu i Splitu\",\"description\":\"\\u017deli\\u0161 u\\u010diti od najboljih i postati najbolji? Upi\\u0161i studij Gastronomije u Zagrebu ili Splitu.\",\"publisher\":{\"@id\":\"https:\/\/gastronomija-aspira.hr\/#organization\"},\"potentialAction\":[{\"@type\":\"SearchAction\",\"target\":{\"@type\":\"EntryPoint\",\"urlTemplate\":\"https:\/\/gastronomija-aspira.hr\/?s={search_term_string}\"},\"query-input\":\"required name=search_term_string\"}],\"inLanguage\":\"en-US\"},{\"@type\":\"WebPage\",\"@id\":\"https:\/\/gastronomija-aspira.hr\/en\/practical-training#webpage\",\"url\":\"https:\/\/gastronomija-aspira.hr\/en\/practical-training\",\"name\":\"Practical training - ASPIRA - Studijski smjer Gastronomije u Zagrebu i Splitu\",\"isPartOf\":{\"@id\":\"https:\/\/gastronomija-aspira.hr\/#website\"},\"datePublished\":\"2016-09-20T04:05:26+00:00\",\"dateModified\":\"2025-02-26T14:40:11+00:00\",\"breadcrumb\":{\"@id\":\"https:\/\/gastronomija-aspira.hr\/en\/practical-training#breadcrumb\"},\"inLanguage\":\"en-US\",\"potentialAction\":[{\"@type\":\"ReadAction\",\"target\":[\"https:\/\/gastronomija-aspira.hr\/en\/practical-training\"]}]},{\"@type\":\"BreadcrumbList\",\"@id\":\"https:\/\/gastronomija-aspira.hr\/en\/practical-training#breadcrumb\",\"itemListElement\":[{\"@type\":\"ListItem\",\"position\":1,\"name\":\"Po\\u010detna stranica\",\"item\":\"https:\/\/gastronomija-aspira.hr\/en\"},{\"@type\":\"ListItem\",\"position\":2,\"name\":\"Practical training\"}]}]}<\/script>\n<!-- \/ Yoast SEO plugin. -->","yoast_head_json":{"title":"Practical training - ASPIRA - Studijski smjer Gastronomije u Zagrebu i Splitu","robots":{"index":"index","follow":"follow","max-snippet":"max-snippet:-1","max-image-preview":"max-image-preview:large","max-video-preview":"max-video-preview:-1"},"canonical":"https:\/\/gastronomija-aspira.hr\/en\/practical-training","og_locale":"en_US","og_type":"article","og_title":"Practical training - ASPIRA - Studijski smjer Gastronomije u Zagrebu i Splitu","og_description":"[vc_row][vc_column][vc_column_text] Practical training [\/vc_column_text][\/vc_column][\/vc_row][vc_row full_width=&#8221;stretch_row&#8221; full_height=&#8221;yes&#8221; bg_type=&#8221;bg_color&#8221; type=&#8221;vc_default&#8221; bg_color_value=&#8221;#f2f2f2&#8243;][vc_column width=&#8221;1\/2&#8243;][vc_column_text]The study program of Gastronomy places emphasis on practical training, thus students, apart from practical lessons within the practicum in the first two years of study, in the third year have one entire semester exclusively dedicated to practical training. Moreover, in the last year of study,&hellip;","og_url":"https:\/\/gastronomija-aspira.hr\/en\/practical-training","og_site_name":"ASPIRA - Studijski smjer Gastronomije u Zagrebu i Splitu","article_modified_time":"2025-02-26T14:40:11+00:00","twitter_card":"summary","twitter_misc":{"Est. reading time":"1 minute"},"schema":{"@context":"https:\/\/schema.org","@graph":[{"@type":"Organization","@id":"https:\/\/gastronomija-aspira.hr\/#organization","name":"Veleu\u010dili\u0161te Aspira","url":"https:\/\/gastronomija-aspira.hr\/","sameAs":[],"logo":{"@type":"ImageObject","@id":"https:\/\/gastronomija-aspira.hr\/#logo","inLanguage":"en-US","url":"https:\/\/gastronomija-aspira.hr\/wp-content\/uploads\/2016\/05\/aspira-studij-gastronomije.png","contentUrl":"https:\/\/gastronomija-aspira.hr\/wp-content\/uploads\/2016\/05\/aspira-studij-gastronomije.png","width":275,"height":60,"caption":"Veleu\u010dili\u0161te Aspira"},"image":{"@id":"https:\/\/gastronomija-aspira.hr\/#logo"}},{"@type":"WebSite","@id":"https:\/\/gastronomija-aspira.hr\/#website","url":"https:\/\/gastronomija-aspira.hr\/","name":"ASPIRA - Studijski smjer Gastronomije u Zagrebu i Splitu","description":"\u017deli\u0161 u\u010diti od najboljih i postati najbolji? Upi\u0161i studij Gastronomije u Zagrebu ili Splitu.","publisher":{"@id":"https:\/\/gastronomija-aspira.hr\/#organization"},"potentialAction":[{"@type":"SearchAction","target":{"@type":"EntryPoint","urlTemplate":"https:\/\/gastronomija-aspira.hr\/?s={search_term_string}"},"query-input":"required name=search_term_string"}],"inLanguage":"en-US"},{"@type":"WebPage","@id":"https:\/\/gastronomija-aspira.hr\/en\/practical-training#webpage","url":"https:\/\/gastronomija-aspira.hr\/en\/practical-training","name":"Practical training - ASPIRA - Studijski smjer Gastronomije u Zagrebu i Splitu","isPartOf":{"@id":"https:\/\/gastronomija-aspira.hr\/#website"},"datePublished":"2016-09-20T04:05:26+00:00","dateModified":"2025-02-26T14:40:11+00:00","breadcrumb":{"@id":"https:\/\/gastronomija-aspira.hr\/en\/practical-training#breadcrumb"},"inLanguage":"en-US","potentialAction":[{"@type":"ReadAction","target":["https:\/\/gastronomija-aspira.hr\/en\/practical-training"]}]},{"@type":"BreadcrumbList","@id":"https:\/\/gastronomija-aspira.hr\/en\/practical-training#breadcrumb","itemListElement":[{"@type":"ListItem","position":1,"name":"Po\u010detna stranica","item":"https:\/\/gastronomija-aspira.hr\/en"},{"@type":"ListItem","position":2,"name":"Practical training"}]}]}},"_links":{"self":[{"href":"https:\/\/gastronomija-aspira.hr\/en\/wp-json\/wp\/v2\/pages\/925"}],"collection":[{"href":"https:\/\/gastronomija-aspira.hr\/en\/wp-json\/wp\/v2\/pages"}],"about":[{"href":"https:\/\/gastronomija-aspira.hr\/en\/wp-json\/wp\/v2\/types\/page"}],"author":[{"embeddable":true,"href":"https:\/\/gastronomija-aspira.hr\/en\/wp-json\/wp\/v2\/users\/1"}],"replies":[{"embeddable":true,"href":"https:\/\/gastronomija-aspira.hr\/en\/wp-json\/wp\/v2\/comments?post=925"}],"version-history":[{"count":5,"href":"https:\/\/gastronomija-aspira.hr\/en\/wp-json\/wp\/v2\/pages\/925\/revisions"}],"predecessor-version":[{"id":3547,"href":"https:\/\/gastronomija-aspira.hr\/en\/wp-json\/wp\/v2\/pages\/925\/revisions\/3547"}],"wp:attachment":[{"href":"https:\/\/gastronomija-aspira.hr\/en\/wp-json\/wp\/v2\/media?parent=925"}],"curies":[{"name":"wp","href":"https:\/\/api.w.org\/{rel}","templated":true}]}}