{"id":909,"date":"2016-09-16T01:07:19","date_gmt":"2016-09-15T23:07:19","guid":{"rendered":"http:\/\/studij-gastronomije.com\/en\/?page_id=909"},"modified":"2025-02-26T15:38:46","modified_gmt":"2025-02-26T14:38:46","slug":"contact","status":"publish","type":"page","link":"https:\/\/gastronomija-aspira.hr\/en\/contact","title":{"rendered":"Contact"},"content":{"rendered":"<p>[vc_row][vc_column][vc_column_text]<\/p>\n<h1>Aspira University of Applied Sciences<\/h1>\n<p>[\/vc_column_text][\/vc_column][\/vc_row][vc_row][vc_column width=&#8221;1\/2&#8243;][vc_column_text]Domovinskog rata 65, 21000 Split<br \/>\nMike Tripala 6, 21000 Split<\/p>\n<p>OIB: 14885934105<br \/>\nBANK: Raiffeisenbank Austria d.d.<br \/>\nIBAN: HR4024840081104992880[\/vc_column_text][vc_column_text]Email: info@aspira.hr<br \/>\nTel: +385(0)21\/382802<br \/>\nFax: +385(0)21\/382-805<br \/>\nWeb: <a href=\"http:\/\/www.aspira.hr\/\">aspira.hr<\/a>[\/vc_column_text][vc_gmaps link=&#8221;#E-8_JTNDaWZyYW1lJTIwc3JjJTNEJTIyaHR0cHMlM0ElMkYlMkZ3d3cuZ29vZ2xlLmNvbSUyRm1hcHMlMkZlbWJlZCUzRnBiJTNEJTIxMW0xOCUyMTFtMTIlMjExbTMlMjExZDI4OTMuMTI1NjU0MzI2NzMxNCUyMTJkMTYuNDQ5ODE5MTE0OTQ4MDE0JTIxM2Q0My41MjA1NzIzNjkwMTU3JTIxMm0zJTIxMWYwJTIxMmYwJTIxM2YwJTIxM20yJTIxMWkxMDI0JTIxMmk3NjglMjE0ZjEzLjElMjEzbTMlMjExbTIlMjExczB4MTMzNTVlMGQ3YzlkYjFlNyUyNTNBMHhiYjJjYjkyNzc2NmFkN2NiJTIxMnNWaXNva2ElMkIlMjVDNSUyNUExa29sYSUyQnphJTJCc3BvcnQlMkJpJTJCdHVyaXphbSUyQi0lMkJBc3BpcmElMjE1ZTAlMjEzbTIlMjExc2hyJTIxMnNociUyMTR2MTQ2NjAzNzIyMTA5NyUyMiUyMHdpZHRoJTNEJTIyODAwJTIyJTIwaGVpZ2h0JTNEJTIyNjAwJTIyJTIwZnJhbWVib3JkZXIlM0QlMjIwJTIyJTIwc3R5bGUlM0QlMjJib3JkZXIlM0EwJTIyJTIwYWxsb3dmdWxsc2NyZWVuJTNFJTNDJTJGaWZyYW1lJTNF&#8221; size=&#8221;400&#8243;][\/vc_column][vc_column width=&#8221;1\/2&#8243;]<div class=\"ult-spacer spacer-6a00cac576c5f\" data-id=\"6a00cac576c5f\" data-height=\"30\" data-height-mobile=\"15\" data-height-tab=\"30\" data-height-tab-portrait=\"30\" data-height-mobile-landscape=\"15\" style=\"clear:both;display:block;\"><\/div>[vc_column_text]<\/p>\n<h2>Contact us<\/h2>\n<p>[\/vc_column_text]<div role=\"form\" class=\"wpcf7\" id=\"wpcf7-f965-o1\" lang=\"hr\" dir=\"ltr\">\n<div class=\"screen-reader-response\"><p role=\"status\" aria-live=\"polite\" aria-atomic=\"true\"><\/p> <ul><\/ul><\/div>\n<form action=\"\/en\/wp-json\/wp\/v2\/pages\/909#wpcf7-f965-o1\" method=\"post\" class=\"wpcf7-form init\" novalidate=\"novalidate\" data-status=\"init\">\n<div style=\"display: none;\">\n<input type=\"hidden\" name=\"_wpcf7\" value=\"965\" \/>\n<input type=\"hidden\" name=\"_wpcf7_version\" value=\"5.5.4\" \/>\n<input type=\"hidden\" name=\"_wpcf7_locale\" value=\"hr\" \/>\n<input type=\"hidden\" name=\"_wpcf7_unit_tag\" value=\"wpcf7-f965-o1\" \/>\n<input type=\"hidden\" name=\"_wpcf7_container_post\" value=\"0\" \/>\n<input type=\"hidden\" name=\"_wpcf7_posted_data_hash\" value=\"\" \/>\n<\/div>\n<p>Name and surname (required)<br \/>\n    <span class=\"wpcf7-form-control-wrap your-name\"><input type=\"text\" name=\"your-name\" value=\"\" size=\"40\" class=\"wpcf7-form-control wpcf7-text wpcf7-validates-as-required\" aria-required=\"true\" aria-invalid=\"false\" \/><\/span> <\/p>\n<p>E-mail (required)<br \/>\n    <span class=\"wpcf7-form-control-wrap your-email\"><input type=\"email\" name=\"your-email\" value=\"\" size=\"40\" class=\"wpcf7-form-control wpcf7-text wpcf7-email wpcf7-validates-as-required wpcf7-validates-as-email\" aria-required=\"true\" aria-invalid=\"false\" \/><\/span> <\/p>\n<p>Your phone number (required)<br \/>\n<span class=\"wpcf7-form-control-wrap tel-815\"><input type=\"tel\" name=\"tel-815\" value=\"\" size=\"40\" class=\"wpcf7-form-control wpcf7-text wpcf7-tel wpcf7-validates-as-required wpcf7-validates-as-tel\" aria-required=\"true\" aria-invalid=\"false\" \/><\/span><\/p>\n<p>Message<br \/>\n    <span class=\"wpcf7-form-control-wrap your-message\"><textarea name=\"your-message\" cols=\"40\" rows=\"10\" class=\"wpcf7-form-control wpcf7-textarea\" aria-invalid=\"false\"><\/textarea><\/span> <\/p>\n<p><input type=\"submit\" value=\"Send\" class=\"wpcf7-form-control has-spinner wpcf7-submit\" \/><\/p>\n<div class=\"wpcf7-response-output\" aria-hidden=\"true\"><\/div><\/form><\/div>[\/vc_column][\/vc_row]<\/p>\n","protected":false},"excerpt":{"rendered":"<p>[vc_row][vc_column][vc_column_text] Aspira University of Applied Sciences [\/vc_column_text][\/vc_column][\/vc_row][vc_row][vc_column width=&#8221;1\/2&#8243;][vc_column_text]Domovinskog rata 65, 21000 Split Mike Tripala 6, 21000 Split OIB: 14885934105 BANK: Raiffeisenbank Austria d.d. IBAN: HR4024840081104992880[\/vc_column_text][vc_column_text]Email: info@aspira.hr Tel: +385(0)21\/382802 Fax: +385(0)21\/382-805 Web: aspira.hr[\/vc_column_text][vc_gmaps link=&#8221;#E-8_JTNDaWZyYW1lJTIwc3JjJTNEJTIyaHR0cHMlM0ElMkYlMkZ3d3cuZ29vZ2xlLmNvbSUyRm1hcHMlMkZlbWJlZCUzRnBiJTNEJTIxMW0xOCUyMTFtMTIlMjExbTMlMjExZDI4OTMuMTI1NjU0MzI2NzMxNCUyMTJkMTYuNDQ5ODE5MTE0OTQ4MDE0JTIxM2Q0My41MjA1NzIzNjkwMTU3JTIxMm0zJTIxMWYwJTIxMmYwJTIxM2YwJTIxM20yJTIxMWkxMDI0JTIxMmk3NjglMjE0ZjEzLjElMjEzbTMlMjExbTIlMjExczB4MTMzNTVlMGQ3YzlkYjFlNyUyNTNBMHhiYjJjYjkyNzc2NmFkN2NiJTIxMnNWaXNva2ElMkIlMjVDNSUyNUExa29sYSUyQnphJTJCc3BvcnQlMkJpJTJCdHVyaXphbSUyQi0lMkJBc3BpcmElMjE1ZTAlMjEzbTIlMjExc2hyJTIxMnNociUyMTR2MTQ2NjAzNzIyMTA5NyUyMiUyMHdpZHRoJTNEJTIyODAwJTIyJTIwaGVpZ2h0JTNEJTIyNjAwJTIyJTIwZnJhbWVib3JkZXIlM0QlMjIwJTIyJTIwc3R5bGUlM0QlMjJib3JkZXIlM0EwJTIyJTIwYWxsb3dmdWxsc2NyZWVuJTNFJTNDJTJGaWZyYW1lJTNF&#8221; size=&#8221;400&#8243;][\/vc_column][vc_column width=&#8221;1\/2&#8243;][vc_column_text] Contact us [\/vc_column_text][\/vc_column][\/vc_row]<\/p>\n","protected":false},"author":1,"featured_media":0,"parent":0,"menu_order":0,"comment_status":"closed","ping_status":"closed","template":"","meta":[],"yoast_head":"<!-- This site is optimized with the Yoast SEO plugin v17.9 - https:\/\/yoast.com\/wordpress\/plugins\/seo\/ -->\n<title>Contact - ASPIRA - Studijski smjer Gastronomije u Zagrebu i Splitu<\/title>\n<meta name=\"robots\" content=\"index, follow, max-snippet:-1, max-image-preview:large, max-video-preview:-1\" \/>\n<link rel=\"canonical\" href=\"https:\/\/gastronomija-aspira.hr\/en\/contact\" \/>\n<meta property=\"og:locale\" content=\"en_US\" \/>\n<meta property=\"og:type\" content=\"article\" \/>\n<meta property=\"og:title\" content=\"Contact - ASPIRA - Studijski smjer Gastronomije u Zagrebu i Splitu\" \/>\n<meta property=\"og:description\" content=\"[vc_row][vc_column][vc_column_text] Aspira University of Applied Sciences [\/vc_column_text][\/vc_column][\/vc_row][vc_row][vc_column width=&#8221;1\/2&#8243;][vc_column_text]Domovinskog rata 65, 21000 Split Mike Tripala 6, 21000 Split OIB: 14885934105 BANK: Raiffeisenbank Austria d.d. IBAN: HR4024840081104992880[\/vc_column_text][vc_column_text]Email: info@aspira.hr Tel: +385(0)21\/382802 Fax: +385(0)21\/382-805 Web: aspira.hr[\/vc_column_text][vc_gmaps link=&#8221;#E-8_JTNDaWZyYW1lJTIwc3JjJTNEJTIyaHR0cHMlM0ElMkYlMkZ3d3cuZ29vZ2xlLmNvbSUyRm1hcHMlMkZlbWJlZCUzRnBiJTNEJTIxMW0xOCUyMTFtMTIlMjExbTMlMjExZDI4OTMuMTI1NjU0MzI2NzMxNCUyMTJkMTYuNDQ5ODE5MTE0OTQ4MDE0JTIxM2Q0My41MjA1NzIzNjkwMTU3JTIxMm0zJTIxMWYwJTIxMmYwJTIxM2YwJTIxM20yJTIxMWkxMDI0JTIxMmk3NjglMjE0ZjEzLjElMjEzbTMlMjExbTIlMjExczB4MTMzNTVlMGQ3YzlkYjFlNyUyNTNBMHhiYjJjYjkyNzc2NmFkN2NiJTIxMnNWaXNva2ElMkIlMjVDNSUyNUExa29sYSUyQnphJTJCc3BvcnQlMkJpJTJCdHVyaXphbSUyQi0lMkJBc3BpcmElMjE1ZTAlMjEzbTIlMjExc2hyJTIxMnNociUyMTR2MTQ2NjAzNzIyMTA5NyUyMiUyMHdpZHRoJTNEJTIyODAwJTIyJTIwaGVpZ2h0JTNEJTIyNjAwJTIyJTIwZnJhbWVib3JkZXIlM0QlMjIwJTIyJTIwc3R5bGUlM0QlMjJib3JkZXIlM0EwJTIyJTIwYWxsb3dmdWxsc2NyZWVuJTNFJTNDJTJGaWZyYW1lJTNF&#8221; size=&#8221;400&#8243;][\/vc_column][vc_column width=&#8221;1\/2&#8243;][vc_column_text] Contact us [\/vc_column_text][\/vc_column][\/vc_row]\" \/>\n<meta property=\"og:url\" content=\"https:\/\/gastronomija-aspira.hr\/en\/contact\" \/>\n<meta property=\"og:site_name\" content=\"ASPIRA - Studijski smjer Gastronomije u Zagrebu i Splitu\" \/>\n<meta property=\"article:modified_time\" content=\"2025-02-26T14:38:46+00:00\" \/>\n<meta name=\"twitter:card\" content=\"summary\" \/>\n<meta name=\"twitter:label1\" content=\"Est. reading time\" \/>\n\t<meta name=\"twitter:data1\" content=\"1 minute\" \/>\n<script type=\"application\/ld+json\" class=\"yoast-schema-graph\">{\"@context\":\"https:\/\/schema.org\",\"@graph\":[{\"@type\":\"Organization\",\"@id\":\"https:\/\/gastronomija-aspira.hr\/#organization\",\"name\":\"Veleu\\u010dili\\u0161te Aspira\",\"url\":\"https:\/\/gastronomija-aspira.hr\/\",\"sameAs\":[],\"logo\":{\"@type\":\"ImageObject\",\"@id\":\"https:\/\/gastronomija-aspira.hr\/#logo\",\"inLanguage\":\"en-US\",\"url\":\"https:\/\/gastronomija-aspira.hr\/wp-content\/uploads\/2016\/05\/aspira-studij-gastronomije.png\",\"contentUrl\":\"https:\/\/gastronomija-aspira.hr\/wp-content\/uploads\/2016\/05\/aspira-studij-gastronomije.png\",\"width\":275,\"height\":60,\"caption\":\"Veleu\\u010dili\\u0161te Aspira\"},\"image\":{\"@id\":\"https:\/\/gastronomija-aspira.hr\/#logo\"}},{\"@type\":\"WebSite\",\"@id\":\"https:\/\/gastronomija-aspira.hr\/#website\",\"url\":\"https:\/\/gastronomija-aspira.hr\/\",\"name\":\"ASPIRA - Studijski smjer Gastronomije u Zagrebu i Splitu\",\"description\":\"\\u017deli\\u0161 u\\u010diti od najboljih i postati najbolji? Upi\\u0161i studij Gastronomije u Zagrebu ili Splitu.\",\"publisher\":{\"@id\":\"https:\/\/gastronomija-aspira.hr\/#organization\"},\"potentialAction\":[{\"@type\":\"SearchAction\",\"target\":{\"@type\":\"EntryPoint\",\"urlTemplate\":\"https:\/\/gastronomija-aspira.hr\/?s={search_term_string}\"},\"query-input\":\"required name=search_term_string\"}],\"inLanguage\":\"en-US\"},{\"@type\":\"WebPage\",\"@id\":\"https:\/\/gastronomija-aspira.hr\/en\/contact#webpage\",\"url\":\"https:\/\/gastronomija-aspira.hr\/en\/contact\",\"name\":\"Contact - ASPIRA - Studijski smjer Gastronomije u Zagrebu i Splitu\",\"isPartOf\":{\"@id\":\"https:\/\/gastronomija-aspira.hr\/#website\"},\"datePublished\":\"2016-09-15T23:07:19+00:00\",\"dateModified\":\"2025-02-26T14:38:46+00:00\",\"breadcrumb\":{\"@id\":\"https:\/\/gastronomija-aspira.hr\/en\/contact#breadcrumb\"},\"inLanguage\":\"en-US\",\"potentialAction\":[{\"@type\":\"ReadAction\",\"target\":[\"https:\/\/gastronomija-aspira.hr\/en\/contact\"]}]},{\"@type\":\"BreadcrumbList\",\"@id\":\"https:\/\/gastronomija-aspira.hr\/en\/contact#breadcrumb\",\"itemListElement\":[{\"@type\":\"ListItem\",\"position\":1,\"name\":\"Po\\u010detna stranica\",\"item\":\"https:\/\/gastronomija-aspira.hr\/en\"},{\"@type\":\"ListItem\",\"position\":2,\"name\":\"Contact\"}]}]}<\/script>\n<!-- \/ Yoast SEO plugin. -->","yoast_head_json":{"title":"Contact - ASPIRA - Studijski smjer Gastronomije u Zagrebu i Splitu","robots":{"index":"index","follow":"follow","max-snippet":"max-snippet:-1","max-image-preview":"max-image-preview:large","max-video-preview":"max-video-preview:-1"},"canonical":"https:\/\/gastronomija-aspira.hr\/en\/contact","og_locale":"en_US","og_type":"article","og_title":"Contact - ASPIRA - Studijski smjer Gastronomije u Zagrebu i Splitu","og_description":"[vc_row][vc_column][vc_column_text] Aspira University of Applied Sciences [\/vc_column_text][\/vc_column][\/vc_row][vc_row][vc_column width=&#8221;1\/2&#8243;][vc_column_text]Domovinskog rata 65, 21000 Split Mike Tripala 6, 21000 Split OIB: 14885934105 BANK: Raiffeisenbank Austria d.d. IBAN: HR4024840081104992880[\/vc_column_text][vc_column_text]Email: info@aspira.hr Tel: +385(0)21\/382802 Fax: +385(0)21\/382-805 Web: aspira.hr[\/vc_column_text][vc_gmaps link=&#8221;#E-8_JTNDaWZyYW1lJTIwc3JjJTNEJTIyaHR0cHMlM0ElMkYlMkZ3d3cuZ29vZ2xlLmNvbSUyRm1hcHMlMkZlbWJlZCUzRnBiJTNEJTIxMW0xOCUyMTFtMTIlMjExbTMlMjExZDI4OTMuMTI1NjU0MzI2NzMxNCUyMTJkMTYuNDQ5ODE5MTE0OTQ4MDE0JTIxM2Q0My41MjA1NzIzNjkwMTU3JTIxMm0zJTIxMWYwJTIxMmYwJTIxM2YwJTIxM20yJTIxMWkxMDI0JTIxMmk3NjglMjE0ZjEzLjElMjEzbTMlMjExbTIlMjExczB4MTMzNTVlMGQ3YzlkYjFlNyUyNTNBMHhiYjJjYjkyNzc2NmFkN2NiJTIxMnNWaXNva2ElMkIlMjVDNSUyNUExa29sYSUyQnphJTJCc3BvcnQlMkJpJTJCdHVyaXphbSUyQi0lMkJBc3BpcmElMjE1ZTAlMjEzbTIlMjExc2hyJTIxMnNociUyMTR2MTQ2NjAzNzIyMTA5NyUyMiUyMHdpZHRoJTNEJTIyODAwJTIyJTIwaGVpZ2h0JTNEJTIyNjAwJTIyJTIwZnJhbWVib3JkZXIlM0QlMjIwJTIyJTIwc3R5bGUlM0QlMjJib3JkZXIlM0EwJTIyJTIwYWxsb3dmdWxsc2NyZWVuJTNFJTNDJTJGaWZyYW1lJTNF&#8221; size=&#8221;400&#8243;][\/vc_column][vc_column width=&#8221;1\/2&#8243;][vc_column_text] Contact us [\/vc_column_text][\/vc_column][\/vc_row]","og_url":"https:\/\/gastronomija-aspira.hr\/en\/contact","og_site_name":"ASPIRA - Studijski smjer Gastronomije u Zagrebu i Splitu","article_modified_time":"2025-02-26T14:38:46+00:00","twitter_card":"summary","twitter_misc":{"Est. reading time":"1 minute"},"schema":{"@context":"https:\/\/schema.org","@graph":[{"@type":"Organization","@id":"https:\/\/gastronomija-aspira.hr\/#organization","name":"Veleu\u010dili\u0161te Aspira","url":"https:\/\/gastronomija-aspira.hr\/","sameAs":[],"logo":{"@type":"ImageObject","@id":"https:\/\/gastronomija-aspira.hr\/#logo","inLanguage":"en-US","url":"https:\/\/gastronomija-aspira.hr\/wp-content\/uploads\/2016\/05\/aspira-studij-gastronomije.png","contentUrl":"https:\/\/gastronomija-aspira.hr\/wp-content\/uploads\/2016\/05\/aspira-studij-gastronomije.png","width":275,"height":60,"caption":"Veleu\u010dili\u0161te Aspira"},"image":{"@id":"https:\/\/gastronomija-aspira.hr\/#logo"}},{"@type":"WebSite","@id":"https:\/\/gastronomija-aspira.hr\/#website","url":"https:\/\/gastronomija-aspira.hr\/","name":"ASPIRA - Studijski smjer Gastronomije u Zagrebu i Splitu","description":"\u017deli\u0161 u\u010diti od najboljih i postati najbolji? Upi\u0161i studij Gastronomije u Zagrebu ili Splitu.","publisher":{"@id":"https:\/\/gastronomija-aspira.hr\/#organization"},"potentialAction":[{"@type":"SearchAction","target":{"@type":"EntryPoint","urlTemplate":"https:\/\/gastronomija-aspira.hr\/?s={search_term_string}"},"query-input":"required name=search_term_string"}],"inLanguage":"en-US"},{"@type":"WebPage","@id":"https:\/\/gastronomija-aspira.hr\/en\/contact#webpage","url":"https:\/\/gastronomija-aspira.hr\/en\/contact","name":"Contact - ASPIRA - Studijski smjer Gastronomije u Zagrebu i Splitu","isPartOf":{"@id":"https:\/\/gastronomija-aspira.hr\/#website"},"datePublished":"2016-09-15T23:07:19+00:00","dateModified":"2025-02-26T14:38:46+00:00","breadcrumb":{"@id":"https:\/\/gastronomija-aspira.hr\/en\/contact#breadcrumb"},"inLanguage":"en-US","potentialAction":[{"@type":"ReadAction","target":["https:\/\/gastronomija-aspira.hr\/en\/contact"]}]},{"@type":"BreadcrumbList","@id":"https:\/\/gastronomija-aspira.hr\/en\/contact#breadcrumb","itemListElement":[{"@type":"ListItem","position":1,"name":"Po\u010detna stranica","item":"https:\/\/gastronomija-aspira.hr\/en"},{"@type":"ListItem","position":2,"name":"Contact"}]}]}},"_links":{"self":[{"href":"https:\/\/gastronomija-aspira.hr\/en\/wp-json\/wp\/v2\/pages\/909"}],"collection":[{"href":"https:\/\/gastronomija-aspira.hr\/en\/wp-json\/wp\/v2\/pages"}],"about":[{"href":"https:\/\/gastronomija-aspira.hr\/en\/wp-json\/wp\/v2\/types\/page"}],"author":[{"embeddable":true,"href":"https:\/\/gastronomija-aspira.hr\/en\/wp-json\/wp\/v2\/users\/1"}],"replies":[{"embeddable":true,"href":"https:\/\/gastronomija-aspira.hr\/en\/wp-json\/wp\/v2\/comments?post=909"}],"version-history":[{"count":9,"href":"https:\/\/gastronomija-aspira.hr\/en\/wp-json\/wp\/v2\/pages\/909\/revisions"}],"predecessor-version":[{"id":3546,"href":"https:\/\/gastronomija-aspira.hr\/en\/wp-json\/wp\/v2\/pages\/909\/revisions\/3546"}],"wp:attachment":[{"href":"https:\/\/gastronomija-aspira.hr\/en\/wp-json\/wp\/v2\/media?parent=909"}],"curies":[{"name":"wp","href":"https:\/\/api.w.org\/{rel}","templated":true}]}}