{"id":907,"date":"2016-06-14T23:10:52","date_gmt":"2016-06-14T23:10:52","guid":{"rendered":"http:\/\/studij-gastronomije.com\/en\/?page_id=907"},"modified":"2026-03-18T12:27:02","modified_gmt":"2026-03-18T11:27:02","slug":"study-program","status":"publish","type":"page","link":"https:\/\/gastronomija-aspira.hr\/en\/study-program","title":{"rendered":"Majoring in Gastronomy"},"content":{"rendered":"<p>[vc_row][vc_column][vc_column_text]<\/p>\n<h1>Majoring in Gastronomy<\/h1>\n<p>Croatia has been successfully building the status of one of the fastest growing Mediterranean gourmet destinations. Its growth and development are based on a rich gastro-oenological tradition, as well as on an increasing offer of a variety of restaurants with a high-quality selection of local gastronomy and oenology. For a gastro-oenological product to develop, it takes a high-quality staff trained to create top-quality products which keep pace with the latest developments in preparing and presenting the methods of preparing meals, in accordance with the requirements and needs of the tourist market. With this new course<strong> Aspira University of Applied Sciences encourages excellence in gastronomy and, as the only such higher education institution, educates students to be the holders of the development of Croatian gastronomy. <\/strong>[\/vc_column_text][\/vc_column][\/vc_row][vc_row full_height=&#8221;yes&#8221; bg_type=&#8221;bg_color&#8221; full_width_row=&#8221;true&#8221;][vc_column width=&#8221;1\/4&#8243;]<div class=\"aio-icon-component    style_1\"><div id=\"Info-box-wrap-1090\" class=\"aio-icon-box top-icon\" style=\"\"  ><div class=\"aio-icon-top\"><div class=\"ult-just-icon-wrapper  \"><div class=\"align-icon\" style=\"text-align:center;\">\n<div class=\"aio-icon none \"  style=\"color:#333;font-size:32px;display:inline-block;\">\n\t<i class=\"Defaults-graduation-cap mortar-board\"><\/i>\n<\/div><\/div><\/div><\/div><div class=\"aio-icon-header\" ><h3 class=\"aio-icon-title ult-responsive\"  data-ultimate-target='#Info-box-wrap-1090 .aio-icon-title'  data-responsive-json-new='{\"font-size\":\"desktop:20px;\",\"line-height\":\"\"}'  style=\"font-weight:bold;\">The professional title of:<\/h3><\/div> <!-- header --><div class=\"aio-icon-description ult-responsive\"  data-ultimate-target='#Info-box-wrap-1090 .aio-icon-description'  data-responsive-json-new='{\"font-size\":\"desktop:15px;\",\"line-height\":\"\"}'  style=\"\"><\/p>\n<p style=\"text-align: center;\">Bachelor of<br \/>\nInternational Management<br \/>\nin Hospitality and Tourism (BSc Econ),<br \/>\nmajoring in Gastronomy (180 ECTS)<\/p>\n<p><\/div> <!-- description --><\/div> <!-- aio-icon-box --><\/div> <!-- aio-icon-component -->[\/vc_column][vc_column width=&#8221;1\/4&#8243;]<div class=\"aio-icon-component    style_1\"><div id=\"Info-box-wrap-7870\" class=\"aio-icon-box top-icon\" style=\"\"  ><div class=\"aio-icon-top\"><div class=\"ult-just-icon-wrapper  \"><div class=\"align-icon\" style=\"text-align:center;\">\n<div class=\"aio-icon none \"  style=\"color:#333;font-size:32px;display:inline-block;\">\n\t<i class=\"Defaults-calendar\"><\/i>\n<\/div><\/div><\/div><\/div><div class=\"aio-icon-header\" ><h3 class=\"aio-icon-title ult-responsive\"  data-ultimate-target='#Info-box-wrap-7870 .aio-icon-title'  data-responsive-json-new='{\"font-size\":\"desktop:20px;\",\"line-height\":\"\"}'  style=\"font-weight:bold;\">Duration of study course:<\/h3><\/div> <!-- header --><div class=\"aio-icon-description ult-responsive\"  data-ultimate-target='#Info-box-wrap-7870 .aio-icon-description'  data-responsive-json-new='{\"font-size\":\"desktop:15px;\",\"line-height\":\"\"}'  style=\"\"><\/p>\n<p style=\"text-align: center;\">The study program lasts for three years (6 semesters)<br \/>\nand it is implemented as a full or a part-time study<\/p>\n<p><\/div> <!-- description --><\/div> <!-- aio-icon-box --><\/div> <!-- aio-icon-component -->[\/vc_column][vc_column width=&#8221;1\/4&#8243;]<div class=\"aio-icon-component    style_1\"><div id=\"Info-box-wrap-3741\" class=\"aio-icon-box top-icon\" style=\"\"  ><div class=\"aio-icon-top\"><div class=\"ult-just-icon-wrapper  \"><div class=\"align-icon\" style=\"text-align:center;\">\n<div class=\"aio-icon none \"  style=\"color:#333;font-size:32px;display:inline-block;\">\n\t<i class=\"Defaults-location-arrow\"><\/i>\n<\/div><\/div><\/div><\/div><div class=\"aio-icon-header\" ><h3 class=\"aio-icon-title ult-responsive\"  data-ultimate-target='#Info-box-wrap-3741 .aio-icon-title'  data-responsive-json-new='{\"font-size\":\"desktop:20px;\",\"line-height\":\"\"}'  style=\"font-weight:bold;\">The venue:<\/h3><\/div> <!-- header --><div class=\"aio-icon-description ult-responsive\"  data-ultimate-target='#Info-box-wrap-3741 .aio-icon-description'  data-responsive-json-new='{\"font-size\":\"desktop:15px;\",\"line-height\":\"\"}'  style=\"\"><\/p>\n<p style=\"text-align: center;\">Aspira University of Applied Sciences<br \/>\nDomovinskog rata 65, Split<\/p>\n<p>&nbsp;<\/p>\n<div style=\"text-align: center;\" data-canvas-width=\"63.16973692630557\"><\/div>\n<p><\/div> <!-- description --><\/div> <!-- aio-icon-box --><\/div> <!-- aio-icon-component -->[\/vc_column][vc_column width=&#8221;1\/4&#8243;]<div class=\"aio-icon-component    style_1\"><div id=\"Info-box-wrap-7514\" class=\"aio-icon-box top-icon\" style=\"\"  ><div class=\"aio-icon-top\"><div class=\"ult-just-icon-wrapper  \"><div class=\"align-icon\" style=\"text-align:center;\">\n<div class=\"aio-icon none \"  style=\"color:#333;font-size:32px;display:inline-block;\">\n\t<i class=\"Defaults-group users\"><\/i>\n<\/div><\/div><\/div><\/div><div class=\"aio-icon-header\" ><h3 class=\"aio-icon-title ult-responsive\"  data-ultimate-target='#Info-box-wrap-7514 .aio-icon-title'  data-responsive-json-new='{\"font-size\":\"desktop:20px;\",\"line-height\":\"\"}'  style=\"font-weight:bold;\">Education objective:<\/h3><\/div> <!-- header --><div class=\"aio-icon-description ult-responsive\"  data-ultimate-target='#Info-box-wrap-7514 .aio-icon-description'  data-responsive-json-new='{\"font-size\":\"desktop:15px;\",\"line-height\":\"\"}'  style=\"\"><\/p>\n<p style=\"text-align: center;\">Qualitative improvement of professionals<br \/>\nto work in the gastronomy, hotel industry<br \/>\nand tourism by introducing new and additional<br \/>\nknowledge and skills through specializations.<\/p>\n<p><\/div> <!-- description --><\/div> <!-- aio-icon-box --><\/div> <!-- aio-icon-component -->[\/vc_column][\/vc_row][vc_row full_width=&#8221;stretch_row&#8221; bg_type=&#8221;bg_color&#8221; type=&#8221;vc_default&#8221; bg_color_value=&#8221;#f2f2f2&#8243;][vc_column width=&#8221;1\/2&#8243;][vc_column_text]Along with a very attractive training program for Food and Beverage Managers, within the undergraduate study program of the International Management in Hospitality and Tourism, the study program which previously offered students to choose between two major courses: Hotel Management and Destination Management, Aspira has now launched the new major course \u2013 Gastronomy.<\/p>\n<p>The study course Gastronomy was created in cooperation with renowned experts with rich international experience, who are the lecturers at this very attractive study program fully suited to market requirements. Education of the future carriers of the development of the Croatian gastronomy and oenology follows current world developments and trends.<\/p>\n<p>One of the key predefined features is excellence in every segment of the study that results in training top-quality staff which, at the end of their study, obtain the most important theoretical and practical knowledge that meets the highest world standards in gastronomy and in general in this economic segment.<\/p>\n<p>During the course of their study, students learn the importance of gastronomy and oenology in creating a comprehensive tourist experience, they are introduced with the techniques and history of various world cuisines, they work on forming top-quality gastronomic products, they are introduced with modern culinary trends, and they learn how to apply them. In the modern courses, students meet reputable chefs and participate in their seminars and workshops, and they have the opportunity to apply the mastered knowledge and skills in modernly equipped kitchens, while in the field classes they acquire the necessary experience in exploring traditional Croatian gastro-oenological products.<\/p>\n<p>Cooperation with the distinguished Swiss Education Group provided the students of Aspira the opportunity to continue their education in Switzerland, and to obtain swiss and american diploma, which is undoubtedly one of the greatest advantages this kind of a program has to offer.[\/vc_column_text][\/vc_column][vc_column width=&#8221;1\/2&#8243;]<div class=\"ult-spacer spacer-69eb8c6d1f0e0\" data-id=\"69eb8c6d1f0e0\" data-height=\"30\" data-height-mobile=\"30\" data-height-tab=\"30\" data-height-tab-portrait=\"\" data-height-mobile-landscape=\"\" style=\"clear:both;display:block;\"><\/div>[vc_single_image image=&#8221;270&#8243; img_size=&#8221;full&#8221; alignment=&#8221;center&#8221; style=&#8221;vc_box_shadow_3d&#8221; css_animation=&#8221;bounceInUp&#8221; css=&#8221;.vc_custom_1466029798694{margin-right: 0px !important;border-right-width: 0px !important;padding-right: 0px !important;}&#8221;][\/vc_column][\/vc_row][vc_row full_width=&#8221;stretch_row&#8221; bg_type=&#8221;bg_color&#8221; type=&#8221;vc_default&#8221; anchor=&#8221;#ishodi&#8221; bg_color_value=&#8221;#f2f2f2&#8243;][vc_column][vc_column_text]<\/p>\n<h2>Opportunities provided by the profession<\/h2>\n<p>The aim of the study program of Gastronomy is a quality advancement of professionals to work in hospitality and tourism by introducing new knowledge and skills through specialization.<\/p>\n<p>Students of the study program of Gastronomy have possibility to work as: manager of food and beverage department, restaurant or hotel chef, manager of catering establishment, gastro fair organizer, catering manager, banquet manager, menu creator, brand manager in gastronomy, marketing manager in gastronomy, critic for gastronomy magazines, food critic, food-beverage pairing specialist, cook, culinary school teacher, sommelier, food quality manager, HR manager in gastronomy, expert in making business plans for catering establishments\u2026[\/vc_column_text][\/vc_column][\/vc_row][vc_row anchor=&#8221;#studenti&#8221;][vc_column width=&#8221;1\/2&#8243;][vc_column_text]<\/p>\n<h2>What do students get by enrolling in the study program of gastronomy?<\/h2>\n<ul>\n<li>lectures by high-quality Croatian and foreign experts<\/li>\n<li>practical training in top restaurants and hotels and job opportunities<\/li>\n<li>workshops in the kitchen with prominent professional mentors<\/li>\n<li>participation in the Career Day<\/li>\n<li>meeting the employers and top experts from the field of profession<\/li>\n<li>culinary trips in Croatia and abroad<\/li>\n<li>learning\u00a0for sommeliers<\/li>\n<li>learning\u00a0of Italian language<\/li>\n<li>learning\u00a0of French language<\/li>\n<li>work clothes for the kitchen<\/li>\n<li>sanitary certificate<\/li>\n<li>all teaching materials<\/li>\n<li>free use of the University Library<\/li>\n<li>discounts for various sporting events in the city<\/li>\n<\/ul>\n<p>[\/vc_column_text][\/vc_column][vc_column width=&#8221;1\/2&#8243;][vc_column_text][\/vc_column_text][vc_single_image image=&#8221;1796&#8243; img_size=&#8221;full&#8221; alignment=&#8221;center&#8221; style=&#8221;vc_box_shadow_3d&#8221; onclick=&#8221;custom_link&#8221; css_animation=&#8221;bounceInUp&#8221; css=&#8221;.vc_custom_1554906886683{margin-right: 0px !important;border-right-width: 0px !important;padding-right: 0px !important;}&#8221; link=&#8221;https:\/\/gastronomija-aspira.hr\/wp-content\/uploads\/2017\/02\/gastronomy-aspira.pdf&#8221;][\/vc_column][\/vc_row][vc_row full_width=&#8221;stretch_row&#8221; bg_type=&#8221;bg_color&#8221; type=&#8221;vc_default&#8221; anchor=&#8221;#ishodi&#8221; bg_color_value=&#8221;#f2f2f2&#8243;][vc_column width=&#8221;1\/2&#8243;][vc_single_image image=&#8221;1792&#8243; img_size=&#8221;full&#8221; alignment=&#8221;center&#8221; style=&#8221;vc_box_shadow_3d&#8221; css_animation=&#8221;bounceInUp&#8221; css=&#8221;.vc_custom_1554905046554{margin-right: 0px !important;border-right-width: 0px !important;padding-right: 0px !important;}&#8221;][\/vc_column][vc_column width=&#8221;1\/2&#8243;][vc_column_text]<\/p>\n<h2>The learning outcomes of the study program of Gastronomy:<\/h2>\n<ul>\n<li>create a unique tourist product and place it on the international market,<\/li>\n<li>apply managerial functions and techniques in catering,<\/li>\n<li>create a financial plan and systematically monitor the turnover and costs of the hospitality facility,<\/li>\n<li>apply modern marketing concepts to the international tourism industry,<\/li>\n<li>use modern IT technologies in catering,<\/li>\n<li>manage the procurement process and the offer of food and drinks within the hospitality facility,<\/li>\n<li>manage service quality through various ways of collecting information about guest satisfaction,<\/li>\n<li>recognize the importance of gastronomy in creating a complete tourist experience,<\/li>\n<li>apply modern gastronomic trends when creating the entire food and beverage offer in accordance with HACCP standards,<\/li>\n<li>prepare dishes according to modern culinary standards,<\/li>\n<li>create individual menus according to the principle of the pyramid of proper nutrition,<\/li>\n<li>create a menu respecting modern marketing concepts,<\/li>\n<li>organize the work of employees in the food and beverage department,<\/li>\n<li>devise a plan for the development of human resources in the organization in an optimal way<\/li>\n<li>use modern techniques in serving food,<\/li>\n<li>communicate in an appropriate way with guests,<\/li>\n<li>apply legal acts and laws in international tourism business,<\/li>\n<li>combine applied mathematical methods for making strategic business decisions.<\/li>\n<\/ul>\n<p>[\/vc_column_text][\/vc_column][\/vc_row][vc_row][vc_column][vc_column_text]<\/p>\n<h2>Study as you work<\/h2>\n<p>Studying while working is suitable for employed persons who are not able to regularly attend lectures due to their professional commitments. Part-time students are provided with individual consultations with mentorship, and the teaching materials are available on our web site.<\/p>\n<p>The distance learning system \u2018Merlin\u2019 provides high quality participation in classes and long-distance interaction with teachers.[\/vc_column_text][\/vc_column][\/vc_row][vc_row][vc_column][vc_column_text]<\/p>\n<h2>The Bologna process<\/h2>\n<p>In accordance with the characteristics of the Bologna Process, the main objectives of this program are: individualized work in small groups with a direct mentoring supervision by assistants and teachers; high level of vertical and horizontal student mobility; a large number of elective courses that students may choose at any other higher education institution; and flexible organization of the study, i.e. adjustment of contents of the study program to student preferences while maintaining the professional title. Moreover, the study program is compatible with related study programs at famous and reputable foreign universities.[\/vc_column_text][\/vc_column][\/vc_row]<\/p>\n","protected":false},"excerpt":{"rendered":"<p>[vc_row][vc_column][vc_column_text] Majoring in Gastronomy Croatia has been successfully building the status of one of the fastest growing Mediterranean gourmet destinations. Its growth and development are based on a rich gastro-oenological tradition, as well as on an increasing offer of a variety of restaurants with a high-quality selection of local gastronomy and oenology. For a gastro-oenological&hellip;<\/p>\n","protected":false},"author":1,"featured_media":0,"parent":0,"menu_order":0,"comment_status":"closed","ping_status":"closed","template":"","meta":[],"yoast_head":"<!-- This site is optimized with the Yoast SEO plugin v17.9 - https:\/\/yoast.com\/wordpress\/plugins\/seo\/ -->\n<title>Gastronomy study program<\/title>\n<meta name=\"description\" content=\"Tijekom nastave, radionica, seminara, projekata i vje\u017ebi studenti \u0107e stjecati vrijedna prakti\u010dna znanja od istaknutih stru\u010dnjaka iz podru\u010dja gastronomije.\" \/>\n<meta name=\"robots\" content=\"index, follow, max-snippet:-1, max-image-preview:large, max-video-preview:-1\" \/>\n<link rel=\"canonical\" href=\"https:\/\/gastronomija-aspira.hr\/en\/study-program\" \/>\n<meta property=\"og:locale\" content=\"en_US\" \/>\n<meta property=\"og:type\" content=\"article\" \/>\n<meta property=\"og:title\" content=\"Gastronomy study program\" \/>\n<meta property=\"og:description\" content=\"Tijekom nastave, radionica, seminara, projekata i vje\u017ebi studenti \u0107e stjecati vrijedna prakti\u010dna znanja od istaknutih stru\u010dnjaka iz podru\u010dja gastronomije.\" \/>\n<meta property=\"og:url\" content=\"https:\/\/gastronomija-aspira.hr\/en\/study-program\" \/>\n<meta property=\"og:site_name\" content=\"ASPIRA - Studijski smjer Gastronomije u Zagrebu i Splitu\" \/>\n<meta property=\"article:modified_time\" content=\"2026-03-18T11:27:02+00:00\" \/>\n<meta name=\"twitter:card\" content=\"summary\" \/>\n<meta name=\"twitter:label1\" content=\"Est. reading time\" \/>\n\t<meta name=\"twitter:data1\" content=\"6 minutes\" \/>\n<script type=\"application\/ld+json\" class=\"yoast-schema-graph\">{\"@context\":\"https:\/\/schema.org\",\"@graph\":[{\"@type\":\"Organization\",\"@id\":\"https:\/\/gastronomija-aspira.hr\/#organization\",\"name\":\"Veleu\\u010dili\\u0161te Aspira\",\"url\":\"https:\/\/gastronomija-aspira.hr\/\",\"sameAs\":[],\"logo\":{\"@type\":\"ImageObject\",\"@id\":\"https:\/\/gastronomija-aspira.hr\/#logo\",\"inLanguage\":\"en-US\",\"url\":\"https:\/\/gastronomija-aspira.hr\/wp-content\/uploads\/2016\/05\/aspira-studij-gastronomije.png\",\"contentUrl\":\"https:\/\/gastronomija-aspira.hr\/wp-content\/uploads\/2016\/05\/aspira-studij-gastronomije.png\",\"width\":275,\"height\":60,\"caption\":\"Veleu\\u010dili\\u0161te Aspira\"},\"image\":{\"@id\":\"https:\/\/gastronomija-aspira.hr\/#logo\"}},{\"@type\":\"WebSite\",\"@id\":\"https:\/\/gastronomija-aspira.hr\/#website\",\"url\":\"https:\/\/gastronomija-aspira.hr\/\",\"name\":\"ASPIRA - Studijski smjer Gastronomije u Zagrebu i Splitu\",\"description\":\"\\u017deli\\u0161 u\\u010diti od najboljih i postati najbolji? Upi\\u0161i studij Gastronomije u Zagrebu ili Splitu.\",\"publisher\":{\"@id\":\"https:\/\/gastronomija-aspira.hr\/#organization\"},\"potentialAction\":[{\"@type\":\"SearchAction\",\"target\":{\"@type\":\"EntryPoint\",\"urlTemplate\":\"https:\/\/gastronomija-aspira.hr\/?s={search_term_string}\"},\"query-input\":\"required name=search_term_string\"}],\"inLanguage\":\"en-US\"},{\"@type\":\"WebPage\",\"@id\":\"https:\/\/gastronomija-aspira.hr\/en\/study-program#webpage\",\"url\":\"https:\/\/gastronomija-aspira.hr\/en\/study-program\",\"name\":\"Gastronomy study program\",\"isPartOf\":{\"@id\":\"https:\/\/gastronomija-aspira.hr\/#website\"},\"datePublished\":\"2016-06-14T23:10:52+00:00\",\"dateModified\":\"2026-03-18T11:27:02+00:00\",\"description\":\"Tijekom nastave, radionica, seminara, projekata i vje\\u017ebi studenti \\u0107e stjecati vrijedna prakti\\u010dna znanja od istaknutih stru\\u010dnjaka iz podru\\u010dja gastronomije.\",\"breadcrumb\":{\"@id\":\"https:\/\/gastronomija-aspira.hr\/en\/study-program#breadcrumb\"},\"inLanguage\":\"en-US\",\"potentialAction\":[{\"@type\":\"ReadAction\",\"target\":[\"https:\/\/gastronomija-aspira.hr\/en\/study-program\"]}]},{\"@type\":\"BreadcrumbList\",\"@id\":\"https:\/\/gastronomija-aspira.hr\/en\/study-program#breadcrumb\",\"itemListElement\":[{\"@type\":\"ListItem\",\"position\":1,\"name\":\"Po\\u010detna stranica\",\"item\":\"https:\/\/gastronomija-aspira.hr\/en\"},{\"@type\":\"ListItem\",\"position\":2,\"name\":\"Majoring in Gastronomy\"}]}]}<\/script>\n<!-- \/ Yoast SEO plugin. -->","yoast_head_json":{"title":"Gastronomy study program","description":"Tijekom nastave, radionica, seminara, projekata i vje\u017ebi studenti \u0107e stjecati vrijedna prakti\u010dna znanja od istaknutih stru\u010dnjaka iz podru\u010dja gastronomije.","robots":{"index":"index","follow":"follow","max-snippet":"max-snippet:-1","max-image-preview":"max-image-preview:large","max-video-preview":"max-video-preview:-1"},"canonical":"https:\/\/gastronomija-aspira.hr\/en\/study-program","og_locale":"en_US","og_type":"article","og_title":"Gastronomy study program","og_description":"Tijekom nastave, radionica, seminara, projekata i vje\u017ebi studenti \u0107e stjecati vrijedna prakti\u010dna znanja od istaknutih stru\u010dnjaka iz podru\u010dja gastronomije.","og_url":"https:\/\/gastronomija-aspira.hr\/en\/study-program","og_site_name":"ASPIRA - Studijski smjer Gastronomije u Zagrebu i Splitu","article_modified_time":"2026-03-18T11:27:02+00:00","twitter_card":"summary","twitter_misc":{"Est. reading time":"6 minutes"},"schema":{"@context":"https:\/\/schema.org","@graph":[{"@type":"Organization","@id":"https:\/\/gastronomija-aspira.hr\/#organization","name":"Veleu\u010dili\u0161te Aspira","url":"https:\/\/gastronomija-aspira.hr\/","sameAs":[],"logo":{"@type":"ImageObject","@id":"https:\/\/gastronomija-aspira.hr\/#logo","inLanguage":"en-US","url":"https:\/\/gastronomija-aspira.hr\/wp-content\/uploads\/2016\/05\/aspira-studij-gastronomije.png","contentUrl":"https:\/\/gastronomija-aspira.hr\/wp-content\/uploads\/2016\/05\/aspira-studij-gastronomije.png","width":275,"height":60,"caption":"Veleu\u010dili\u0161te Aspira"},"image":{"@id":"https:\/\/gastronomija-aspira.hr\/#logo"}},{"@type":"WebSite","@id":"https:\/\/gastronomija-aspira.hr\/#website","url":"https:\/\/gastronomija-aspira.hr\/","name":"ASPIRA - Studijski smjer Gastronomije u Zagrebu i Splitu","description":"\u017deli\u0161 u\u010diti od najboljih i postati najbolji? Upi\u0161i studij Gastronomije u Zagrebu ili Splitu.","publisher":{"@id":"https:\/\/gastronomija-aspira.hr\/#organization"},"potentialAction":[{"@type":"SearchAction","target":{"@type":"EntryPoint","urlTemplate":"https:\/\/gastronomija-aspira.hr\/?s={search_term_string}"},"query-input":"required name=search_term_string"}],"inLanguage":"en-US"},{"@type":"WebPage","@id":"https:\/\/gastronomija-aspira.hr\/en\/study-program#webpage","url":"https:\/\/gastronomija-aspira.hr\/en\/study-program","name":"Gastronomy study program","isPartOf":{"@id":"https:\/\/gastronomija-aspira.hr\/#website"},"datePublished":"2016-06-14T23:10:52+00:00","dateModified":"2026-03-18T11:27:02+00:00","description":"Tijekom nastave, radionica, seminara, projekata i vje\u017ebi studenti \u0107e stjecati vrijedna prakti\u010dna znanja od istaknutih stru\u010dnjaka iz podru\u010dja gastronomije.","breadcrumb":{"@id":"https:\/\/gastronomija-aspira.hr\/en\/study-program#breadcrumb"},"inLanguage":"en-US","potentialAction":[{"@type":"ReadAction","target":["https:\/\/gastronomija-aspira.hr\/en\/study-program"]}]},{"@type":"BreadcrumbList","@id":"https:\/\/gastronomija-aspira.hr\/en\/study-program#breadcrumb","itemListElement":[{"@type":"ListItem","position":1,"name":"Po\u010detna stranica","item":"https:\/\/gastronomija-aspira.hr\/en"},{"@type":"ListItem","position":2,"name":"Majoring in Gastronomy"}]}]}},"_links":{"self":[{"href":"https:\/\/gastronomija-aspira.hr\/en\/wp-json\/wp\/v2\/pages\/907"}],"collection":[{"href":"https:\/\/gastronomija-aspira.hr\/en\/wp-json\/wp\/v2\/pages"}],"about":[{"href":"https:\/\/gastronomija-aspira.hr\/en\/wp-json\/wp\/v2\/types\/page"}],"author":[{"embeddable":true,"href":"https:\/\/gastronomija-aspira.hr\/en\/wp-json\/wp\/v2\/users\/1"}],"replies":[{"embeddable":true,"href":"https:\/\/gastronomija-aspira.hr\/en\/wp-json\/wp\/v2\/comments?post=907"}],"version-history":[{"count":31,"href":"https:\/\/gastronomija-aspira.hr\/en\/wp-json\/wp\/v2\/pages\/907\/revisions"}],"predecessor-version":[{"id":3795,"href":"https:\/\/gastronomija-aspira.hr\/en\/wp-json\/wp\/v2\/pages\/907\/revisions\/3795"}],"wp:attachment":[{"href":"https:\/\/gastronomija-aspira.hr\/en\/wp-json\/wp\/v2\/media?parent=907"}],"curies":[{"name":"wp","href":"https:\/\/api.w.org\/{rel}","templated":true}]}}