{"id":890,"date":"2016-09-13T23:18:00","date_gmt":"2016-09-13T21:18:00","guid":{"rendered":"http:\/\/studij-gastronomije.com\/en\/?page_id=890"},"modified":"2025-02-26T15:31:26","modified_gmt":"2025-02-26T14:31:26","slug":"workshops-training-programs","status":"publish","type":"page","link":"https:\/\/gastronomija-aspira.hr\/en\/workshops-training-programs","title":{"rendered":"Workshops and training programs"},"content":{"rendered":"<p>[vc_row][vc_column][vc_column_text]<\/p>\n<h2>Workshops and training programs<\/h2>\n<p>In cooperation with Suvremeno U\u010dili\u0161te in Split, Aspira University of Applied Sciences has been implementing a number of educational and training programs in the area of hospitality and tourism for over 20 years. The programs are certified by the Ministry of Science, Education and Sport and recorded in the electronic employment card.<\/p>\n<p>Apart from the programs, Aspira University of Applied Sciences offers one-day and several-day staff training courses tailored individually according to the needs of each organization. We offer the following programs:[\/vc_column_text][\/vc_column][\/vc_row][vc_row full_width=&#8221;stretch_row&#8221; full_height=&#8221;yes&#8221; bg_type=&#8221;bg_color&#8221; type=&#8221;vc_default&#8221; bg_color_value=&#8221;#f2f2f2&#8243;][vc_column width=&#8221;1\/2&#8243;][vc_column_text]<\/p>\n<h2>Training programs:<\/h2>\n<ul>\n<li>Cook Specialist of Cold and Warm Appetizers<\/li>\n<li>Cook Specialist of Croatian National Cuisine<\/li>\n<li>Cook Specialist of Dalmatian Cuisine<\/li>\n<li>Cook Specialist of Mediterranean Cuisine<\/li>\n<li>Cook Specialist of International Cuisine<\/li>\n<li>Cook Specialist of Healthy Diet<\/li>\n<li>Cook Specialist of Season Food<\/li>\n<li>Cook Specialist of Soups<\/li>\n<li>Cook Specialist of Pasta<\/li>\n<li>Cook Specialist of Rice Dishes<\/li>\n<li>Cook Specialist of Guarry<\/li>\n<li>Catering Specialist<\/li>\n<li>Cocktail Party Specialist<\/li>\n<li>Waiter<\/li>\n<li>Barman<\/li>\n<li>Sommelier<\/li>\n<li>Cook Assistant<\/li>\n<li>Pastrycook<\/li>\n<\/ul>\n<p>[\/vc_column_text][\/vc_column][vc_column width=&#8221;1\/2&#8243;][vc_column_text]<\/p>\n<h2>Programs in the area of management in the hotel industry, hospitality and tourism:<\/h2>\n<ul>\n<li>Hotel Manager<\/li>\n<li>Hotel Customer Relations Manager<\/li>\n<li>Food and Bavarage Manager<\/li>\n<li>PR Manager<\/li>\n<li>Customer Relations Manager<\/li>\n<li>Real Estate Manager<\/li>\n<li>Tourist Destination Manager<\/li>\n<li>Hotel Safety Director<\/li>\n<li>Supply Manager<\/li>\n<li>Receptionist<\/li>\n<li>Sales Manager<\/li>\n<li>Internet Marketing Manager<\/li>\n<li>Finance and Account Manager<\/li>\n<\/ul>\n<p>[\/vc_column_text][\/vc_column][\/vc_row][vc_row full_width=&#8221;stretch_row&#8221; parallax=&#8221;content-moving&#8221; parallax_image=&#8221;356&#8243; type=&#8221;vc_default&#8221;][vc_column]<div class=\"ult-spacer spacer-6a00cac59447b\" data-id=\"6a00cac59447b\" data-height=\"300\" data-height-mobile=\"150\" data-height-tab=\"300\" data-height-tab-portrait=\"300\" data-height-mobile-landscape=\"200\" style=\"clear:both;display:block;\"><\/div>[\/vc_column][\/vc_row][vc_row][vc_column width=&#8221;1\/2&#8243;][vc_column_text]<\/p>\n<h2>Programs in hotel housekeeping:<\/h2>\n<ul>\n<li>Hotel Housekeeper<\/li>\n<li>Hotel Maid<\/li>\n<li>Tehnical Support Manager<\/li>\n<li>Central Heating Handler<\/li>\n<\/ul>\n<p>[\/vc_column_text][vc_column_text]<\/p>\n<h2>Special programs:<\/h2>\n<ul>\n<li>Tourist Guide<\/li>\n<li>Head of Tourist Office<\/li>\n<li>Tourism Animator<\/li>\n<li>Foregin Languages<\/li>\n<li>European computer driving licence \u2013 ecdl<\/li>\n<\/ul>\n<p>[\/vc_column_text][\/vc_column][vc_column width=&#8221;1\/2&#8243;][vc_column_text]<\/p>\n<h2>Business improvement training programs:<\/h2>\n<ul>\n<li>Communication and presentation skills<\/li>\n<li>Communication skills in English<\/li>\n<li>Time Management<\/li>\n<li>Stress Management \u2013 workplace psychology<\/li>\n<li>Team work and management of meetings<\/li>\n<li>The art of Internet sales in tourism<\/li>\n<li>Advisory and direct sales<\/li>\n<li>Project Management<\/li>\n<li>Strategic Management<\/li>\n<li>Business Intelligence<\/li>\n<\/ul>\n<p>[\/vc_column_text][\/vc_column][\/vc_row][vc_row full_width=&#8221;stretch_row&#8221; parallax=&#8221;content-moving&#8221; parallax_image=&#8221;357&#8243; type=&#8221;vc_default&#8221;][vc_column]<div class=\"ult-spacer spacer-6a00cac5944a8\" data-id=\"6a00cac5944a8\" data-height=\"300\" data-height-mobile=\"150\" data-height-tab=\"300\" data-height-tab-portrait=\"300\" data-height-mobile-landscape=\"200\" style=\"clear:both;display:block;\"><\/div>[\/vc_column][\/vc_row][vc_row][vc_column][vc_column_text]of each professor\/lecturer and with interactive participation of attendants.<br \/>\nThe training courses are organized in the premises of Aspira University of Applied Sciences or in the premises of the organizations.[\/vc_column_text][\/vc_column][\/vc_row]<\/p>\n","protected":false},"excerpt":{"rendered":"<p>[vc_row][vc_column][vc_column_text] Workshops and training programs In cooperation with Suvremeno U\u010dili\u0161te in Split, Aspira University of Applied Sciences has been implementing a number of educational and training programs in the area of hospitality and tourism for over 20 years. The programs are certified by the Ministry of Science, Education and Sport and recorded in the electronic&hellip;<\/p>\n","protected":false},"author":1,"featured_media":0,"parent":0,"menu_order":0,"comment_status":"closed","ping_status":"closed","template":"","meta":[],"yoast_head":"<!-- This site is optimized with the Yoast SEO plugin v17.9 - https:\/\/yoast.com\/wordpress\/plugins\/seo\/ -->\n<title>Workshops and training programs - ASPIRA - Studijski smjer Gastronomije u Zagrebu i Splitu<\/title>\n<meta name=\"robots\" content=\"index, follow, max-snippet:-1, max-image-preview:large, max-video-preview:-1\" \/>\n<link rel=\"canonical\" href=\"https:\/\/gastronomija-aspira.hr\/en\/workshops-training-programs\" \/>\n<meta property=\"og:locale\" content=\"en_US\" \/>\n<meta property=\"og:type\" content=\"article\" \/>\n<meta property=\"og:title\" content=\"Workshops and training programs - ASPIRA - Studijski smjer Gastronomije u Zagrebu i Splitu\" \/>\n<meta property=\"og:description\" content=\"[vc_row][vc_column][vc_column_text] Workshops and training programs In cooperation with Suvremeno U\u010dili\u0161te in Split, Aspira University of Applied Sciences has been implementing a number of educational and training programs in the area of hospitality and tourism for over 20 years. The programs are certified by the Ministry of Science, Education and Sport and recorded in the electronic&hellip;\" \/>\n<meta property=\"og:url\" content=\"https:\/\/gastronomija-aspira.hr\/en\/workshops-training-programs\" \/>\n<meta property=\"og:site_name\" content=\"ASPIRA - Studijski smjer Gastronomije u Zagrebu i Splitu\" \/>\n<meta property=\"article:modified_time\" content=\"2025-02-26T14:31:26+00:00\" \/>\n<meta name=\"twitter:card\" content=\"summary\" \/>\n<meta name=\"twitter:label1\" content=\"Est. reading time\" \/>\n\t<meta name=\"twitter:data1\" content=\"2 minutes\" \/>\n<script type=\"application\/ld+json\" class=\"yoast-schema-graph\">{\"@context\":\"https:\/\/schema.org\",\"@graph\":[{\"@type\":\"Organization\",\"@id\":\"https:\/\/gastronomija-aspira.hr\/#organization\",\"name\":\"Veleu\\u010dili\\u0161te Aspira\",\"url\":\"https:\/\/gastronomija-aspira.hr\/\",\"sameAs\":[],\"logo\":{\"@type\":\"ImageObject\",\"@id\":\"https:\/\/gastronomija-aspira.hr\/#logo\",\"inLanguage\":\"en-US\",\"url\":\"https:\/\/gastronomija-aspira.hr\/wp-content\/uploads\/2016\/05\/aspira-studij-gastronomije.png\",\"contentUrl\":\"https:\/\/gastronomija-aspira.hr\/wp-content\/uploads\/2016\/05\/aspira-studij-gastronomije.png\",\"width\":275,\"height\":60,\"caption\":\"Veleu\\u010dili\\u0161te Aspira\"},\"image\":{\"@id\":\"https:\/\/gastronomija-aspira.hr\/#logo\"}},{\"@type\":\"WebSite\",\"@id\":\"https:\/\/gastronomija-aspira.hr\/#website\",\"url\":\"https:\/\/gastronomija-aspira.hr\/\",\"name\":\"ASPIRA - Studijski smjer Gastronomije u Zagrebu i Splitu\",\"description\":\"\\u017deli\\u0161 u\\u010diti od najboljih i postati najbolji? Upi\\u0161i studij Gastronomije u Zagrebu ili Splitu.\",\"publisher\":{\"@id\":\"https:\/\/gastronomija-aspira.hr\/#organization\"},\"potentialAction\":[{\"@type\":\"SearchAction\",\"target\":{\"@type\":\"EntryPoint\",\"urlTemplate\":\"https:\/\/gastronomija-aspira.hr\/?s={search_term_string}\"},\"query-input\":\"required name=search_term_string\"}],\"inLanguage\":\"en-US\"},{\"@type\":\"WebPage\",\"@id\":\"https:\/\/gastronomija-aspira.hr\/en\/workshops-training-programs#webpage\",\"url\":\"https:\/\/gastronomija-aspira.hr\/en\/workshops-training-programs\",\"name\":\"Workshops and training programs - ASPIRA - Studijski smjer Gastronomije u Zagrebu i Splitu\",\"isPartOf\":{\"@id\":\"https:\/\/gastronomija-aspira.hr\/#website\"},\"datePublished\":\"2016-09-13T21:18:00+00:00\",\"dateModified\":\"2025-02-26T14:31:26+00:00\",\"breadcrumb\":{\"@id\":\"https:\/\/gastronomija-aspira.hr\/en\/workshops-training-programs#breadcrumb\"},\"inLanguage\":\"en-US\",\"potentialAction\":[{\"@type\":\"ReadAction\",\"target\":[\"https:\/\/gastronomija-aspira.hr\/en\/workshops-training-programs\"]}]},{\"@type\":\"BreadcrumbList\",\"@id\":\"https:\/\/gastronomija-aspira.hr\/en\/workshops-training-programs#breadcrumb\",\"itemListElement\":[{\"@type\":\"ListItem\",\"position\":1,\"name\":\"Po\\u010detna stranica\",\"item\":\"https:\/\/gastronomija-aspira.hr\/en\"},{\"@type\":\"ListItem\",\"position\":2,\"name\":\"Workshops and training programs\"}]}]}<\/script>\n<!-- \/ Yoast SEO plugin. -->","yoast_head_json":{"title":"Workshops and training programs - ASPIRA - Studijski smjer Gastronomije u Zagrebu i Splitu","robots":{"index":"index","follow":"follow","max-snippet":"max-snippet:-1","max-image-preview":"max-image-preview:large","max-video-preview":"max-video-preview:-1"},"canonical":"https:\/\/gastronomija-aspira.hr\/en\/workshops-training-programs","og_locale":"en_US","og_type":"article","og_title":"Workshops and training programs - ASPIRA - Studijski smjer Gastronomije u Zagrebu i Splitu","og_description":"[vc_row][vc_column][vc_column_text] Workshops and training programs In cooperation with Suvremeno U\u010dili\u0161te in Split, Aspira University of Applied Sciences has been implementing a number of educational and training programs in the area of hospitality and tourism for over 20 years. The programs are certified by the Ministry of Science, Education and Sport and recorded in the electronic&hellip;","og_url":"https:\/\/gastronomija-aspira.hr\/en\/workshops-training-programs","og_site_name":"ASPIRA - Studijski smjer Gastronomije u Zagrebu i Splitu","article_modified_time":"2025-02-26T14:31:26+00:00","twitter_card":"summary","twitter_misc":{"Est. reading time":"2 minutes"},"schema":{"@context":"https:\/\/schema.org","@graph":[{"@type":"Organization","@id":"https:\/\/gastronomija-aspira.hr\/#organization","name":"Veleu\u010dili\u0161te Aspira","url":"https:\/\/gastronomija-aspira.hr\/","sameAs":[],"logo":{"@type":"ImageObject","@id":"https:\/\/gastronomija-aspira.hr\/#logo","inLanguage":"en-US","url":"https:\/\/gastronomija-aspira.hr\/wp-content\/uploads\/2016\/05\/aspira-studij-gastronomije.png","contentUrl":"https:\/\/gastronomija-aspira.hr\/wp-content\/uploads\/2016\/05\/aspira-studij-gastronomije.png","width":275,"height":60,"caption":"Veleu\u010dili\u0161te Aspira"},"image":{"@id":"https:\/\/gastronomija-aspira.hr\/#logo"}},{"@type":"WebSite","@id":"https:\/\/gastronomija-aspira.hr\/#website","url":"https:\/\/gastronomija-aspira.hr\/","name":"ASPIRA - Studijski smjer Gastronomije u Zagrebu i Splitu","description":"\u017deli\u0161 u\u010diti od najboljih i postati najbolji? Upi\u0161i studij Gastronomije u Zagrebu ili Splitu.","publisher":{"@id":"https:\/\/gastronomija-aspira.hr\/#organization"},"potentialAction":[{"@type":"SearchAction","target":{"@type":"EntryPoint","urlTemplate":"https:\/\/gastronomija-aspira.hr\/?s={search_term_string}"},"query-input":"required name=search_term_string"}],"inLanguage":"en-US"},{"@type":"WebPage","@id":"https:\/\/gastronomija-aspira.hr\/en\/workshops-training-programs#webpage","url":"https:\/\/gastronomija-aspira.hr\/en\/workshops-training-programs","name":"Workshops and training programs - ASPIRA - Studijski smjer Gastronomije u Zagrebu i Splitu","isPartOf":{"@id":"https:\/\/gastronomija-aspira.hr\/#website"},"datePublished":"2016-09-13T21:18:00+00:00","dateModified":"2025-02-26T14:31:26+00:00","breadcrumb":{"@id":"https:\/\/gastronomija-aspira.hr\/en\/workshops-training-programs#breadcrumb"},"inLanguage":"en-US","potentialAction":[{"@type":"ReadAction","target":["https:\/\/gastronomija-aspira.hr\/en\/workshops-training-programs"]}]},{"@type":"BreadcrumbList","@id":"https:\/\/gastronomija-aspira.hr\/en\/workshops-training-programs#breadcrumb","itemListElement":[{"@type":"ListItem","position":1,"name":"Po\u010detna stranica","item":"https:\/\/gastronomija-aspira.hr\/en"},{"@type":"ListItem","position":2,"name":"Workshops and training programs"}]}]}},"_links":{"self":[{"href":"https:\/\/gastronomija-aspira.hr\/en\/wp-json\/wp\/v2\/pages\/890"}],"collection":[{"href":"https:\/\/gastronomija-aspira.hr\/en\/wp-json\/wp\/v2\/pages"}],"about":[{"href":"https:\/\/gastronomija-aspira.hr\/en\/wp-json\/wp\/v2\/types\/page"}],"author":[{"embeddable":true,"href":"https:\/\/gastronomija-aspira.hr\/en\/wp-json\/wp\/v2\/users\/1"}],"replies":[{"embeddable":true,"href":"https:\/\/gastronomija-aspira.hr\/en\/wp-json\/wp\/v2\/comments?post=890"}],"version-history":[{"count":5,"href":"https:\/\/gastronomija-aspira.hr\/en\/wp-json\/wp\/v2\/pages\/890\/revisions"}],"predecessor-version":[{"id":3542,"href":"https:\/\/gastronomija-aspira.hr\/en\/wp-json\/wp\/v2\/pages\/890\/revisions\/3542"}],"wp:attachment":[{"href":"https:\/\/gastronomija-aspira.hr\/en\/wp-json\/wp\/v2\/media?parent=890"}],"curies":[{"name":"wp","href":"https:\/\/api.w.org\/{rel}","templated":true}]}}