{"id":886,"date":"2016-09-13T23:12:29","date_gmt":"2016-09-13T21:12:29","guid":{"rendered":"http:\/\/studij-gastronomije.com\/?page_id=886&#038;lang=en"},"modified":"2025-02-26T15:28:14","modified_gmt":"2025-02-26T14:28:14","slug":"about-aspira","status":"publish","type":"page","link":"https:\/\/gastronomija-aspira.hr\/en\/about-aspira","title":{"rendered":"About aspira"},"content":{"rendered":"<p>[vc_row][vc_column][vc_column_text]Aspira University of Applied Sciences is located in Split.<\/p>\n<p><strong>Aspira\u2019s mission<\/strong> is to train top managers in the fields of economy, sports or tourism, who will be able to compete in the labor market and become successful leaders in their organisation in accordance with the international creative trends.<\/p>\n<p>The study programs currently implemented at Aspira are: undergraduate and graduate study of Sports management, undergraduate study of International Hospitality and Tourism Management, as well as a number of programs within the Department of Lifelong learning, verified by the <strong>Ministry of Education.<\/strong><\/p>\n<p>College Aspira has been accredited and assessed by Agency for Science and Higher Education which is a member of <strong>ENQA (European Association for Quality Assurance in Higher Education)<\/strong> as top quality higher education institution.[\/vc_column_text][\/vc_column][\/vc_row][vc_row full_width=&#8221;stretch_row&#8221; parallax=&#8221;content-moving&#8221; parallax_image=&#8221;816&#8243; parallax_speed_bg=&#8221;1&#8243; type=&#8221;vc_default&#8221;][vc_column]<div class=\"ult-spacer spacer-6a00caa208aee\" data-id=\"6a00caa208aee\" data-height=\"400\" data-height-mobile=\"150\" data-height-tab=\"300\" data-height-tab-portrait=\"300\" data-height-mobile-landscape=\"200\" style=\"clear:both;display:block;\"><\/div>[\/vc_column][\/vc_row][vc_row full_width=&#8221;stretch_row&#8221; full_height=&#8221;yes&#8221; bg_type=&#8221;bg_color&#8221; type=&#8221;vc_default&#8221; bg_color_value=&#8221;#f2f2f2&#8243;][vc_column][vc_column_text]<\/p>\n<h2>Why study at Aspira<\/h2>\n<ul>\n<li>Study programme in English language<\/li>\n<li>Top international experts from the hospitality and tourism field<\/li>\n<li>Practical experience in the world\/s leading restaurants and hotels<\/li>\n<li>Online materials via LMS<\/li>\n<li>The possibility of continuing studies at the partner university in Switzerland<\/li>\n<li>Gaining two diplomas (final diploma and Head of travel agency diploma)<\/li>\n<li>Participation in essential expertise workshops<\/li>\n<li>Achieving international career in Gastronomy<\/li>\n<li>Dress code in accordance with top international standards<\/li>\n<li>Full-time students granted with meals<\/li>\n<li>After gaining diploma, you became first manager in Gastronomy<\/li>\n<\/ul>\n<div id=\"studenti\" class=\"vc_row wpb_row vc_row-fluid\" data-anchor=\"#studenti\">\n<div class=\"wpb_column vc_column_container vc_col-sm-6\">\n<div class=\"vc_column-inner \">\n<div class=\"wpb_wrapper\">\n<div class=\"wpb_text_column wpb_content_element \">\n<div class=\"wpb_wrapper\">\n<p><strong>Click <a href=\"http:\/\/www.aspira.hr\/\">here<\/a> for additional information.<br \/>\n<\/strong><\/p>\n<\/div>\n<\/div>\n<\/div>\n<\/div>\n<\/div>\n<\/div>\n<p>[\/vc_column_text][\/vc_column][\/vc_row]<\/p>\n","protected":false},"excerpt":{"rendered":"<p>[vc_row][vc_column][vc_column_text]Aspira University of Applied Sciences is located in Split. Aspira\u2019s mission is to train top managers in the fields of economy, sports or tourism, who will be able to compete in the labor market and become successful leaders in their organisation in accordance with the international creative trends. The study programs currently implemented at Aspira&hellip;<\/p>\n","protected":false},"author":1,"featured_media":0,"parent":0,"menu_order":0,"comment_status":"closed","ping_status":"closed","template":"","meta":[],"yoast_head":"<!-- This site is optimized with the Yoast SEO plugin v17.9 - https:\/\/yoast.com\/wordpress\/plugins\/seo\/ -->\n<title>About aspira - ASPIRA - Studijski smjer Gastronomije u Zagrebu i Splitu<\/title>\n<meta name=\"robots\" content=\"index, follow, max-snippet:-1, max-image-preview:large, max-video-preview:-1\" \/>\n<link rel=\"canonical\" href=\"https:\/\/gastronomija-aspira.hr\/en\/about-aspira\" \/>\n<meta property=\"og:locale\" content=\"en_US\" \/>\n<meta property=\"og:type\" content=\"article\" \/>\n<meta property=\"og:title\" content=\"About aspira - ASPIRA - Studijski smjer Gastronomije u Zagrebu i Splitu\" \/>\n<meta property=\"og:description\" content=\"[vc_row][vc_column][vc_column_text]Aspira University of Applied Sciences is located in Split. Aspira\u2019s mission is to train top managers in the fields of economy, sports or tourism, who will be able to compete in the labor market and become successful leaders in their organisation in accordance with the international creative trends. The study programs currently implemented at Aspira&hellip;\" \/>\n<meta property=\"og:url\" content=\"https:\/\/gastronomija-aspira.hr\/en\/about-aspira\" \/>\n<meta property=\"og:site_name\" content=\"ASPIRA - Studijski smjer Gastronomije u Zagrebu i Splitu\" \/>\n<meta property=\"article:modified_time\" content=\"2025-02-26T14:28:14+00:00\" \/>\n<meta name=\"twitter:card\" content=\"summary\" \/>\n<meta name=\"twitter:label1\" content=\"Est. reading time\" \/>\n\t<meta name=\"twitter:data1\" content=\"2 minutes\" \/>\n<script type=\"application\/ld+json\" class=\"yoast-schema-graph\">{\"@context\":\"https:\/\/schema.org\",\"@graph\":[{\"@type\":\"Organization\",\"@id\":\"https:\/\/gastronomija-aspira.hr\/#organization\",\"name\":\"Veleu\\u010dili\\u0161te Aspira\",\"url\":\"https:\/\/gastronomija-aspira.hr\/\",\"sameAs\":[],\"logo\":{\"@type\":\"ImageObject\",\"@id\":\"https:\/\/gastronomija-aspira.hr\/#logo\",\"inLanguage\":\"en-US\",\"url\":\"https:\/\/gastronomija-aspira.hr\/wp-content\/uploads\/2016\/05\/aspira-studij-gastronomije.png\",\"contentUrl\":\"https:\/\/gastronomija-aspira.hr\/wp-content\/uploads\/2016\/05\/aspira-studij-gastronomije.png\",\"width\":275,\"height\":60,\"caption\":\"Veleu\\u010dili\\u0161te Aspira\"},\"image\":{\"@id\":\"https:\/\/gastronomija-aspira.hr\/#logo\"}},{\"@type\":\"WebSite\",\"@id\":\"https:\/\/gastronomija-aspira.hr\/#website\",\"url\":\"https:\/\/gastronomija-aspira.hr\/\",\"name\":\"ASPIRA - Studijski smjer Gastronomije u Zagrebu i Splitu\",\"description\":\"\\u017deli\\u0161 u\\u010diti od najboljih i postati najbolji? Upi\\u0161i studij Gastronomije u Zagrebu ili Splitu.\",\"publisher\":{\"@id\":\"https:\/\/gastronomija-aspira.hr\/#organization\"},\"potentialAction\":[{\"@type\":\"SearchAction\",\"target\":{\"@type\":\"EntryPoint\",\"urlTemplate\":\"https:\/\/gastronomija-aspira.hr\/?s={search_term_string}\"},\"query-input\":\"required name=search_term_string\"}],\"inLanguage\":\"en-US\"},{\"@type\":\"WebPage\",\"@id\":\"https:\/\/gastronomija-aspira.hr\/en\/about-aspira#webpage\",\"url\":\"https:\/\/gastronomija-aspira.hr\/en\/about-aspira\",\"name\":\"About aspira - ASPIRA - Studijski smjer Gastronomije u Zagrebu i Splitu\",\"isPartOf\":{\"@id\":\"https:\/\/gastronomija-aspira.hr\/#website\"},\"datePublished\":\"2016-09-13T21:12:29+00:00\",\"dateModified\":\"2025-02-26T14:28:14+00:00\",\"breadcrumb\":{\"@id\":\"https:\/\/gastronomija-aspira.hr\/en\/about-aspira#breadcrumb\"},\"inLanguage\":\"en-US\",\"potentialAction\":[{\"@type\":\"ReadAction\",\"target\":[\"https:\/\/gastronomija-aspira.hr\/en\/about-aspira\"]}]},{\"@type\":\"BreadcrumbList\",\"@id\":\"https:\/\/gastronomija-aspira.hr\/en\/about-aspira#breadcrumb\",\"itemListElement\":[{\"@type\":\"ListItem\",\"position\":1,\"name\":\"Po\\u010detna stranica\",\"item\":\"https:\/\/gastronomija-aspira.hr\/en\"},{\"@type\":\"ListItem\",\"position\":2,\"name\":\"About aspira\"}]}]}<\/script>\n<!-- \/ Yoast SEO plugin. -->","yoast_head_json":{"title":"About aspira - ASPIRA - Studijski smjer Gastronomije u Zagrebu i Splitu","robots":{"index":"index","follow":"follow","max-snippet":"max-snippet:-1","max-image-preview":"max-image-preview:large","max-video-preview":"max-video-preview:-1"},"canonical":"https:\/\/gastronomija-aspira.hr\/en\/about-aspira","og_locale":"en_US","og_type":"article","og_title":"About aspira - ASPIRA - Studijski smjer Gastronomije u Zagrebu i Splitu","og_description":"[vc_row][vc_column][vc_column_text]Aspira University of Applied Sciences is located in Split. Aspira\u2019s mission is to train top managers in the fields of economy, sports or tourism, who will be able to compete in the labor market and become successful leaders in their organisation in accordance with the international creative trends. The study programs currently implemented at Aspira&hellip;","og_url":"https:\/\/gastronomija-aspira.hr\/en\/about-aspira","og_site_name":"ASPIRA - Studijski smjer Gastronomije u Zagrebu i Splitu","article_modified_time":"2025-02-26T14:28:14+00:00","twitter_card":"summary","twitter_misc":{"Est. reading time":"2 minutes"},"schema":{"@context":"https:\/\/schema.org","@graph":[{"@type":"Organization","@id":"https:\/\/gastronomija-aspira.hr\/#organization","name":"Veleu\u010dili\u0161te Aspira","url":"https:\/\/gastronomija-aspira.hr\/","sameAs":[],"logo":{"@type":"ImageObject","@id":"https:\/\/gastronomija-aspira.hr\/#logo","inLanguage":"en-US","url":"https:\/\/gastronomija-aspira.hr\/wp-content\/uploads\/2016\/05\/aspira-studij-gastronomije.png","contentUrl":"https:\/\/gastronomija-aspira.hr\/wp-content\/uploads\/2016\/05\/aspira-studij-gastronomije.png","width":275,"height":60,"caption":"Veleu\u010dili\u0161te Aspira"},"image":{"@id":"https:\/\/gastronomija-aspira.hr\/#logo"}},{"@type":"WebSite","@id":"https:\/\/gastronomija-aspira.hr\/#website","url":"https:\/\/gastronomija-aspira.hr\/","name":"ASPIRA - Studijski smjer Gastronomije u Zagrebu i Splitu","description":"\u017deli\u0161 u\u010diti od najboljih i postati najbolji? Upi\u0161i studij Gastronomije u Zagrebu ili Splitu.","publisher":{"@id":"https:\/\/gastronomija-aspira.hr\/#organization"},"potentialAction":[{"@type":"SearchAction","target":{"@type":"EntryPoint","urlTemplate":"https:\/\/gastronomija-aspira.hr\/?s={search_term_string}"},"query-input":"required name=search_term_string"}],"inLanguage":"en-US"},{"@type":"WebPage","@id":"https:\/\/gastronomija-aspira.hr\/en\/about-aspira#webpage","url":"https:\/\/gastronomija-aspira.hr\/en\/about-aspira","name":"About aspira - ASPIRA - Studijski smjer Gastronomije u Zagrebu i Splitu","isPartOf":{"@id":"https:\/\/gastronomija-aspira.hr\/#website"},"datePublished":"2016-09-13T21:12:29+00:00","dateModified":"2025-02-26T14:28:14+00:00","breadcrumb":{"@id":"https:\/\/gastronomija-aspira.hr\/en\/about-aspira#breadcrumb"},"inLanguage":"en-US","potentialAction":[{"@type":"ReadAction","target":["https:\/\/gastronomija-aspira.hr\/en\/about-aspira"]}]},{"@type":"BreadcrumbList","@id":"https:\/\/gastronomija-aspira.hr\/en\/about-aspira#breadcrumb","itemListElement":[{"@type":"ListItem","position":1,"name":"Po\u010detna stranica","item":"https:\/\/gastronomija-aspira.hr\/en"},{"@type":"ListItem","position":2,"name":"About aspira"}]}]}},"_links":{"self":[{"href":"https:\/\/gastronomija-aspira.hr\/en\/wp-json\/wp\/v2\/pages\/886"}],"collection":[{"href":"https:\/\/gastronomija-aspira.hr\/en\/wp-json\/wp\/v2\/pages"}],"about":[{"href":"https:\/\/gastronomija-aspira.hr\/en\/wp-json\/wp\/v2\/types\/page"}],"author":[{"embeddable":true,"href":"https:\/\/gastronomija-aspira.hr\/en\/wp-json\/wp\/v2\/users\/1"}],"replies":[{"embeddable":true,"href":"https:\/\/gastronomija-aspira.hr\/en\/wp-json\/wp\/v2\/comments?post=886"}],"version-history":[{"count":7,"href":"https:\/\/gastronomija-aspira.hr\/en\/wp-json\/wp\/v2\/pages\/886\/revisions"}],"predecessor-version":[{"id":3541,"href":"https:\/\/gastronomija-aspira.hr\/en\/wp-json\/wp\/v2\/pages\/886\/revisions\/3541"}],"wp:attachment":[{"href":"https:\/\/gastronomija-aspira.hr\/en\/wp-json\/wp\/v2\/media?parent=886"}],"curies":[{"name":"wp","href":"https:\/\/api.w.org\/{rel}","templated":true}]}}