{"id":1834,"date":"2017-11-27T15:45:06","date_gmt":"2017-11-27T14:45:06","guid":{"rendered":"http:\/\/studij-gastronomije.com\/en\/slasticar"},"modified":"2025-02-28T12:49:56","modified_gmt":"2025-02-28T11:49:56","slug":"pastry-chef","status":"publish","type":"page","link":"https:\/\/gastronomija-aspira.hr\/en\/pastry-chef","title":{"rendered":"Pastry Chef"},"content":{"rendered":"<p><img loading=\"lazy\" class=\"alignnone size-full wp-image-1407\" src=\"https:\/\/gastronomija-aspira.hr\/wp-content\/uploads\/2017\/11\/slasticar.jpg\" alt=\"Upi\u0161ite program za slasti\u010dara!\" width=\"1500\" height=\"832\" srcset=\"https:\/\/gastronomija-aspira.hr\/wp-content\/uploads\/2017\/11\/slasticar.jpg 1500w, https:\/\/gastronomija-aspira.hr\/wp-content\/uploads\/2017\/11\/slasticar-300x166.jpg 300w, https:\/\/gastronomija-aspira.hr\/wp-content\/uploads\/2017\/11\/slasticar-768x426.jpg 768w, https:\/\/gastronomija-aspira.hr\/wp-content\/uploads\/2017\/11\/slasticar-1024x568.jpg 1024w\" sizes=\"(max-width: 1500px) 100vw, 1500px\" \/><\/p>\n<p>Lifelong Learning Department of the Aspira University of Applied Sciences, in cooperation with the Contemporary Education Center in Split, organizes a training program for Pastry Chefs.<\/p>\n<p><strong>SPLIT \u2013 Enrollment in progress!<\/strong><\/p>\n<p>The aim of the program is to enable the participants to work independently in the preparation of different kinds of desserts. Students will learn how to use dessert making equipment and plan jobs and manage staff at the pastry kitchen. In addition, they will learn the basics of entrepreneurship and business communication, maintaining hygiene and applying the rules of workplace safety.<\/p>\n<p>The lecturer will be Mrs. Julija Bero\u0161, a prominent pastry chef with an extensive experience in the pastry business and the blog writer of Torta, pinjur, pjat.<\/p>\n<p>Duration of the program is 120 hours.<\/p>\n<p>The program is approved by the Ministry of Science and Education and and entered into an e-workbook.<\/p>\n<p><strong>PASTRY CHEFS IN ZAGREB! &#8211; <\/strong><strong>Enrollment in progress!<\/strong><\/p>\n<p>The basic task of a pastry chef is to prepare all kinds of sweets, cakes, creams, ice-cream, fruit salads and other desserts.<\/p>\n<p>Among other things, pastry chefs order ingredients, check their quality, store them and keep them from spoilage. Each pastry chef must, besides the pastry skills, be resourceful, neat, responsive, and organized to participate in all parts of the dessert preparation process.<\/p>\n<p>Through the theoretical and practical part, the knowledge and skills of preparing various kinds of desserts are gained: cakes, pies, ice-creams, creams, decorating sweets, proper use of kitchen utensils and appliances, maintenance of kitchen hygiene, distinguishing and proper storage of ingredients, as well as occupational safety.<\/p>\n<p>Practical classes are performed in our modernly-equipped kitchen under the mentorship of a top pastry chef, Ljubica Ro\u017edijevac, who is the chef of the Sheraton Hotel in Zagreb.<\/p>\n<h3>PROGRAM REQUIREMENTS:<\/h3>\n<ul>\n<li>completed secondary school<\/li>\n<li>a medical certificate of fitness for employment<\/li>\n<li>a sanitary book<\/li>\n<\/ul>\n<p>&nbsp;<\/p>\n","protected":false},"excerpt":{"rendered":"<p>Lifelong Learning Department of the Aspira University of Applied Sciences, in cooperation with the Contemporary Education Center in Split, organizes a training program for Pastry Chefs. SPLIT \u2013 Enrollment in progress! The aim of the program is to enable the participants to work independently in the preparation of different kinds of desserts. Students will learn&hellip;<\/p>\n","protected":false},"author":1,"featured_media":0,"parent":0,"menu_order":0,"comment_status":"closed","ping_status":"closed","template":"","meta":[],"yoast_head":"<!-- This site is optimized with the Yoast SEO plugin v17.9 - https:\/\/yoast.com\/wordpress\/plugins\/seo\/ -->\n<title>Pastry Chef - ASPIRA - Studijski smjer Gastronomije u Zagrebu i Splitu<\/title>\n<meta name=\"robots\" content=\"index, follow, max-snippet:-1, max-image-preview:large, max-video-preview:-1\" \/>\n<link rel=\"canonical\" href=\"https:\/\/gastronomija-aspira.hr\/en\/pastry-chef\" \/>\n<meta property=\"og:locale\" content=\"en_US\" \/>\n<meta property=\"og:type\" content=\"article\" \/>\n<meta property=\"og:title\" content=\"Pastry Chef - ASPIRA - Studijski smjer Gastronomije u Zagrebu i Splitu\" \/>\n<meta property=\"og:description\" content=\"Lifelong Learning Department of the Aspira University of Applied Sciences, in cooperation with the Contemporary Education Center in Split, organizes a training program for Pastry Chefs. SPLIT \u2013 Enrollment in progress! The aim of the program is to enable the participants to work independently in the preparation of different kinds of desserts. Students will learn&hellip;\" \/>\n<meta property=\"og:url\" content=\"https:\/\/gastronomija-aspira.hr\/en\/pastry-chef\" \/>\n<meta property=\"og:site_name\" content=\"ASPIRA - Studijski smjer Gastronomije u Zagrebu i Splitu\" \/>\n<meta property=\"article:modified_time\" content=\"2025-02-28T11:49:56+00:00\" \/>\n<meta property=\"og:image\" content=\"https:\/\/gastronomija-aspira.hr\/wp-content\/uploads\/2017\/11\/slasticar.jpg\" \/>\n<meta name=\"twitter:card\" content=\"summary\" \/>\n<meta name=\"twitter:label1\" content=\"Est. reading time\" \/>\n\t<meta name=\"twitter:data1\" content=\"2 minutes\" \/>\n<script type=\"application\/ld+json\" class=\"yoast-schema-graph\">{\"@context\":\"https:\/\/schema.org\",\"@graph\":[{\"@type\":\"Organization\",\"@id\":\"https:\/\/gastronomija-aspira.hr\/#organization\",\"name\":\"Veleu\\u010dili\\u0161te Aspira\",\"url\":\"https:\/\/gastronomija-aspira.hr\/\",\"sameAs\":[],\"logo\":{\"@type\":\"ImageObject\",\"@id\":\"https:\/\/gastronomija-aspira.hr\/#logo\",\"inLanguage\":\"en-US\",\"url\":\"https:\/\/gastronomija-aspira.hr\/wp-content\/uploads\/2016\/05\/aspira-studij-gastronomije.png\",\"contentUrl\":\"https:\/\/gastronomija-aspira.hr\/wp-content\/uploads\/2016\/05\/aspira-studij-gastronomije.png\",\"width\":275,\"height\":60,\"caption\":\"Veleu\\u010dili\\u0161te Aspira\"},\"image\":{\"@id\":\"https:\/\/gastronomija-aspira.hr\/#logo\"}},{\"@type\":\"WebSite\",\"@id\":\"https:\/\/gastronomija-aspira.hr\/#website\",\"url\":\"https:\/\/gastronomija-aspira.hr\/\",\"name\":\"ASPIRA - Studijski smjer Gastronomije u Zagrebu i Splitu\",\"description\":\"\\u017deli\\u0161 u\\u010diti od najboljih i postati najbolji? Upi\\u0161i studij Gastronomije u Zagrebu ili Splitu.\",\"publisher\":{\"@id\":\"https:\/\/gastronomija-aspira.hr\/#organization\"},\"potentialAction\":[{\"@type\":\"SearchAction\",\"target\":{\"@type\":\"EntryPoint\",\"urlTemplate\":\"https:\/\/gastronomija-aspira.hr\/?s={search_term_string}\"},\"query-input\":\"required name=search_term_string\"}],\"inLanguage\":\"en-US\"},{\"@type\":\"ImageObject\",\"@id\":\"https:\/\/gastronomija-aspira.hr\/en\/pastry-chef#primaryimage\",\"inLanguage\":\"en-US\",\"url\":\"https:\/\/gastronomija-aspira.hr\/wp-content\/uploads\/2017\/11\/slasticar.jpg\",\"contentUrl\":\"https:\/\/gastronomija-aspira.hr\/wp-content\/uploads\/2017\/11\/slasticar.jpg\",\"width\":1500,\"height\":832,\"caption\":\"Upi\\u0161ite program za slasti\\u010dara!\"},{\"@type\":\"WebPage\",\"@id\":\"https:\/\/gastronomija-aspira.hr\/en\/pastry-chef#webpage\",\"url\":\"https:\/\/gastronomija-aspira.hr\/en\/pastry-chef\",\"name\":\"Pastry Chef - ASPIRA - Studijski smjer Gastronomije u Zagrebu i Splitu\",\"isPartOf\":{\"@id\":\"https:\/\/gastronomija-aspira.hr\/#website\"},\"primaryImageOfPage\":{\"@id\":\"https:\/\/gastronomija-aspira.hr\/en\/pastry-chef#primaryimage\"},\"datePublished\":\"2017-11-27T14:45:06+00:00\",\"dateModified\":\"2025-02-28T11:49:56+00:00\",\"breadcrumb\":{\"@id\":\"https:\/\/gastronomija-aspira.hr\/en\/pastry-chef#breadcrumb\"},\"inLanguage\":\"en-US\",\"potentialAction\":[{\"@type\":\"ReadAction\",\"target\":[\"https:\/\/gastronomija-aspira.hr\/en\/pastry-chef\"]}]},{\"@type\":\"BreadcrumbList\",\"@id\":\"https:\/\/gastronomija-aspira.hr\/en\/pastry-chef#breadcrumb\",\"itemListElement\":[{\"@type\":\"ListItem\",\"position\":1,\"name\":\"Po\\u010detna stranica\",\"item\":\"https:\/\/gastronomija-aspira.hr\/en\"},{\"@type\":\"ListItem\",\"position\":2,\"name\":\"Pastry Chef\"}]}]}<\/script>\n<!-- \/ Yoast SEO plugin. -->","yoast_head_json":{"title":"Pastry Chef - ASPIRA - Studijski smjer Gastronomije u Zagrebu i Splitu","robots":{"index":"index","follow":"follow","max-snippet":"max-snippet:-1","max-image-preview":"max-image-preview:large","max-video-preview":"max-video-preview:-1"},"canonical":"https:\/\/gastronomija-aspira.hr\/en\/pastry-chef","og_locale":"en_US","og_type":"article","og_title":"Pastry Chef - ASPIRA - Studijski smjer Gastronomije u Zagrebu i Splitu","og_description":"Lifelong Learning Department of the Aspira University of Applied Sciences, in cooperation with the Contemporary Education Center in Split, organizes a training program for Pastry Chefs. SPLIT \u2013 Enrollment in progress! The aim of the program is to enable the participants to work independently in the preparation of different kinds of desserts. Students will learn&hellip;","og_url":"https:\/\/gastronomija-aspira.hr\/en\/pastry-chef","og_site_name":"ASPIRA - Studijski smjer Gastronomije u Zagrebu i Splitu","article_modified_time":"2025-02-28T11:49:56+00:00","og_image":[{"url":"https:\/\/gastronomija-aspira.hr\/wp-content\/uploads\/2017\/11\/slasticar.jpg"}],"twitter_card":"summary","twitter_misc":{"Est. reading time":"2 minutes"},"schema":{"@context":"https:\/\/schema.org","@graph":[{"@type":"Organization","@id":"https:\/\/gastronomija-aspira.hr\/#organization","name":"Veleu\u010dili\u0161te Aspira","url":"https:\/\/gastronomija-aspira.hr\/","sameAs":[],"logo":{"@type":"ImageObject","@id":"https:\/\/gastronomija-aspira.hr\/#logo","inLanguage":"en-US","url":"https:\/\/gastronomija-aspira.hr\/wp-content\/uploads\/2016\/05\/aspira-studij-gastronomije.png","contentUrl":"https:\/\/gastronomija-aspira.hr\/wp-content\/uploads\/2016\/05\/aspira-studij-gastronomije.png","width":275,"height":60,"caption":"Veleu\u010dili\u0161te Aspira"},"image":{"@id":"https:\/\/gastronomija-aspira.hr\/#logo"}},{"@type":"WebSite","@id":"https:\/\/gastronomija-aspira.hr\/#website","url":"https:\/\/gastronomija-aspira.hr\/","name":"ASPIRA - Studijski smjer Gastronomije u Zagrebu i Splitu","description":"\u017deli\u0161 u\u010diti od najboljih i postati najbolji? Upi\u0161i studij Gastronomije u Zagrebu ili Splitu.","publisher":{"@id":"https:\/\/gastronomija-aspira.hr\/#organization"},"potentialAction":[{"@type":"SearchAction","target":{"@type":"EntryPoint","urlTemplate":"https:\/\/gastronomija-aspira.hr\/?s={search_term_string}"},"query-input":"required name=search_term_string"}],"inLanguage":"en-US"},{"@type":"ImageObject","@id":"https:\/\/gastronomija-aspira.hr\/en\/pastry-chef#primaryimage","inLanguage":"en-US","url":"https:\/\/gastronomija-aspira.hr\/wp-content\/uploads\/2017\/11\/slasticar.jpg","contentUrl":"https:\/\/gastronomija-aspira.hr\/wp-content\/uploads\/2017\/11\/slasticar.jpg","width":1500,"height":832,"caption":"Upi\u0161ite program za slasti\u010dara!"},{"@type":"WebPage","@id":"https:\/\/gastronomija-aspira.hr\/en\/pastry-chef#webpage","url":"https:\/\/gastronomija-aspira.hr\/en\/pastry-chef","name":"Pastry Chef - ASPIRA - Studijski smjer Gastronomije u Zagrebu i Splitu","isPartOf":{"@id":"https:\/\/gastronomija-aspira.hr\/#website"},"primaryImageOfPage":{"@id":"https:\/\/gastronomija-aspira.hr\/en\/pastry-chef#primaryimage"},"datePublished":"2017-11-27T14:45:06+00:00","dateModified":"2025-02-28T11:49:56+00:00","breadcrumb":{"@id":"https:\/\/gastronomija-aspira.hr\/en\/pastry-chef#breadcrumb"},"inLanguage":"en-US","potentialAction":[{"@type":"ReadAction","target":["https:\/\/gastronomija-aspira.hr\/en\/pastry-chef"]}]},{"@type":"BreadcrumbList","@id":"https:\/\/gastronomija-aspira.hr\/en\/pastry-chef#breadcrumb","itemListElement":[{"@type":"ListItem","position":1,"name":"Po\u010detna stranica","item":"https:\/\/gastronomija-aspira.hr\/en"},{"@type":"ListItem","position":2,"name":"Pastry Chef"}]}]}},"_links":{"self":[{"href":"https:\/\/gastronomija-aspira.hr\/en\/wp-json\/wp\/v2\/pages\/1834"}],"collection":[{"href":"https:\/\/gastronomija-aspira.hr\/en\/wp-json\/wp\/v2\/pages"}],"about":[{"href":"https:\/\/gastronomija-aspira.hr\/en\/wp-json\/wp\/v2\/types\/page"}],"author":[{"embeddable":true,"href":"https:\/\/gastronomija-aspira.hr\/en\/wp-json\/wp\/v2\/users\/1"}],"replies":[{"embeddable":true,"href":"https:\/\/gastronomija-aspira.hr\/en\/wp-json\/wp\/v2\/comments?post=1834"}],"version-history":[{"count":4,"href":"https:\/\/gastronomija-aspira.hr\/en\/wp-json\/wp\/v2\/pages\/1834\/revisions"}],"predecessor-version":[{"id":3551,"href":"https:\/\/gastronomija-aspira.hr\/en\/wp-json\/wp\/v2\/pages\/1834\/revisions\/3551"}],"wp:attachment":[{"href":"https:\/\/gastronomija-aspira.hr\/en\/wp-json\/wp\/v2\/media?parent=1834"}],"curies":[{"name":"wp","href":"https:\/\/api.w.org\/{rel}","templated":true}]}}