{"id":1829,"date":"2017-11-29T15:14:41","date_gmt":"2017-11-29T14:14:41","guid":{"rendered":"http:\/\/studij-gastronomije.com\/en\/kuhar"},"modified":"2025-02-28T12:47:25","modified_gmt":"2025-02-28T11:47:25","slug":"chef","status":"publish","type":"page","link":"https:\/\/gastronomija-aspira.hr\/en\/chef","title":{"rendered":"Chef"},"content":{"rendered":"<p><img loading=\"lazy\" class=\"\" src=\"https:\/\/gastronomija-aspira.hr\/wp-content\/uploads\/2017\/11\/kuhar.jpg\" width=\"643\" height=\"429\" \/><\/p>\n<p>Lifelong Learning Department of the Aspira University of Applied Sciences, in cooperation with the Contemporary Education Center in Split, organizes a training program for Chefs.<\/p>\n<p><strong>START: SPLIT AND ZAGREB \u2013 ENROLLING NOW!<\/strong><\/p>\n<p>Registration is done at the Contemporary Education Center in Split and Zagreb, at Mike Tripala 6 &#8211; Split and Heinzelova 62a &#8211; Zagreb, and the courses will be held at Aspira University of Applied Sciences, Domovinskog rata 65.<\/p>\n<h2>Course items:<\/h2>\n<p>Restaurant goods and equipment (6 hours)<\/p>\n<p>Hygiene (6 hours)<\/p>\n<p>Safety at work (4 hours)<\/p>\n<p>Practical lessons in the culinary practicum (10 days)<\/p>\n<p>Practical lessons in a restaurant (10 days)<\/p>\n<p>Duration of the program is 120 hours.<\/p>\n<p>The program is approved by the Ministry of Science and Education and entered into an e-workbook.<\/p>\n","protected":false},"excerpt":{"rendered":"<p>Lifelong Learning Department of the Aspira University of Applied Sciences, in cooperation with the Contemporary Education Center in Split, organizes a training program for Chefs. START: SPLIT AND ZAGREB \u2013 ENROLLING NOW! Registration is done at the Contemporary Education Center in Split and Zagreb, at Mike Tripala 6 &#8211; Split and Heinzelova 62a &#8211; Zagreb,&hellip;<\/p>\n","protected":false},"author":1,"featured_media":0,"parent":0,"menu_order":0,"comment_status":"closed","ping_status":"closed","template":"","meta":[],"yoast_head":"<!-- This site is optimized with the Yoast SEO plugin v17.9 - https:\/\/yoast.com\/wordpress\/plugins\/seo\/ -->\n<title>Chef - ASPIRA - Studijski smjer Gastronomije u Zagrebu i Splitu<\/title>\n<meta name=\"robots\" content=\"index, follow, max-snippet:-1, max-image-preview:large, max-video-preview:-1\" \/>\n<link rel=\"canonical\" href=\"https:\/\/gastronomija-aspira.hr\/en\/chef\" \/>\n<meta property=\"og:locale\" content=\"en_US\" \/>\n<meta property=\"og:type\" content=\"article\" \/>\n<meta property=\"og:title\" content=\"Chef - ASPIRA - Studijski smjer Gastronomije u Zagrebu i Splitu\" \/>\n<meta property=\"og:description\" content=\"Lifelong Learning Department of the Aspira University of Applied Sciences, in cooperation with the Contemporary Education Center in Split, organizes a training program for Chefs. START: SPLIT AND ZAGREB \u2013 ENROLLING NOW! Registration is done at the Contemporary Education Center in Split and Zagreb, at Mike Tripala 6 &#8211; Split and Heinzelova 62a &#8211; Zagreb,&hellip;\" \/>\n<meta property=\"og:url\" content=\"https:\/\/gastronomija-aspira.hr\/en\/chef\" \/>\n<meta property=\"og:site_name\" content=\"ASPIRA - Studijski smjer Gastronomije u Zagrebu i Splitu\" \/>\n<meta property=\"article:modified_time\" content=\"2025-02-28T11:47:25+00:00\" \/>\n<meta property=\"og:image\" content=\"https:\/\/gastronomija-aspira.hr\/wp-content\/uploads\/2017\/11\/kuhar.jpg\" \/>\n<meta name=\"twitter:card\" content=\"summary\" \/>\n<meta name=\"twitter:label1\" content=\"Est. reading time\" \/>\n\t<meta name=\"twitter:data1\" content=\"1 minute\" \/>\n<script type=\"application\/ld+json\" class=\"yoast-schema-graph\">{\"@context\":\"https:\/\/schema.org\",\"@graph\":[{\"@type\":\"Organization\",\"@id\":\"https:\/\/gastronomija-aspira.hr\/#organization\",\"name\":\"Veleu\\u010dili\\u0161te Aspira\",\"url\":\"https:\/\/gastronomija-aspira.hr\/\",\"sameAs\":[],\"logo\":{\"@type\":\"ImageObject\",\"@id\":\"https:\/\/gastronomija-aspira.hr\/#logo\",\"inLanguage\":\"en-US\",\"url\":\"https:\/\/gastronomija-aspira.hr\/wp-content\/uploads\/2016\/05\/aspira-studij-gastronomije.png\",\"contentUrl\":\"https:\/\/gastronomija-aspira.hr\/wp-content\/uploads\/2016\/05\/aspira-studij-gastronomije.png\",\"width\":275,\"height\":60,\"caption\":\"Veleu\\u010dili\\u0161te Aspira\"},\"image\":{\"@id\":\"https:\/\/gastronomija-aspira.hr\/#logo\"}},{\"@type\":\"WebSite\",\"@id\":\"https:\/\/gastronomija-aspira.hr\/#website\",\"url\":\"https:\/\/gastronomija-aspira.hr\/\",\"name\":\"ASPIRA - Studijski smjer Gastronomije u Zagrebu i Splitu\",\"description\":\"\\u017deli\\u0161 u\\u010diti od najboljih i postati najbolji? Upi\\u0161i studij Gastronomije u Zagrebu ili Splitu.\",\"publisher\":{\"@id\":\"https:\/\/gastronomija-aspira.hr\/#organization\"},\"potentialAction\":[{\"@type\":\"SearchAction\",\"target\":{\"@type\":\"EntryPoint\",\"urlTemplate\":\"https:\/\/gastronomija-aspira.hr\/?s={search_term_string}\"},\"query-input\":\"required name=search_term_string\"}],\"inLanguage\":\"en-US\"},{\"@type\":\"ImageObject\",\"@id\":\"https:\/\/gastronomija-aspira.hr\/en\/chef#primaryimage\",\"inLanguage\":\"en-US\",\"url\":\"https:\/\/gastronomija-aspira.hr\/wp-content\/uploads\/2017\/11\/kuhar.jpg\",\"contentUrl\":\"https:\/\/gastronomija-aspira.hr\/wp-content\/uploads\/2017\/11\/kuhar.jpg\",\"width\":1618,\"height\":1080},{\"@type\":\"WebPage\",\"@id\":\"https:\/\/gastronomija-aspira.hr\/en\/chef#webpage\",\"url\":\"https:\/\/gastronomija-aspira.hr\/en\/chef\",\"name\":\"Chef - ASPIRA - Studijski smjer Gastronomije u Zagrebu i Splitu\",\"isPartOf\":{\"@id\":\"https:\/\/gastronomija-aspira.hr\/#website\"},\"primaryImageOfPage\":{\"@id\":\"https:\/\/gastronomija-aspira.hr\/en\/chef#primaryimage\"},\"datePublished\":\"2017-11-29T14:14:41+00:00\",\"dateModified\":\"2025-02-28T11:47:25+00:00\",\"breadcrumb\":{\"@id\":\"https:\/\/gastronomija-aspira.hr\/en\/chef#breadcrumb\"},\"inLanguage\":\"en-US\",\"potentialAction\":[{\"@type\":\"ReadAction\",\"target\":[\"https:\/\/gastronomija-aspira.hr\/en\/chef\"]}]},{\"@type\":\"BreadcrumbList\",\"@id\":\"https:\/\/gastronomija-aspira.hr\/en\/chef#breadcrumb\",\"itemListElement\":[{\"@type\":\"ListItem\",\"position\":1,\"name\":\"Po\\u010detna stranica\",\"item\":\"https:\/\/gastronomija-aspira.hr\/en\"},{\"@type\":\"ListItem\",\"position\":2,\"name\":\"Chef\"}]}]}<\/script>\n<!-- \/ Yoast SEO plugin. -->","yoast_head_json":{"title":"Chef - ASPIRA - Studijski smjer Gastronomije u Zagrebu i Splitu","robots":{"index":"index","follow":"follow","max-snippet":"max-snippet:-1","max-image-preview":"max-image-preview:large","max-video-preview":"max-video-preview:-1"},"canonical":"https:\/\/gastronomija-aspira.hr\/en\/chef","og_locale":"en_US","og_type":"article","og_title":"Chef - ASPIRA - Studijski smjer Gastronomije u Zagrebu i Splitu","og_description":"Lifelong Learning Department of the Aspira University of Applied Sciences, in cooperation with the Contemporary Education Center in Split, organizes a training program for Chefs. START: SPLIT AND ZAGREB \u2013 ENROLLING NOW! Registration is done at the Contemporary Education Center in Split and Zagreb, at Mike Tripala 6 &#8211; Split and Heinzelova 62a &#8211; Zagreb,&hellip;","og_url":"https:\/\/gastronomija-aspira.hr\/en\/chef","og_site_name":"ASPIRA - Studijski smjer Gastronomije u Zagrebu i Splitu","article_modified_time":"2025-02-28T11:47:25+00:00","og_image":[{"url":"https:\/\/gastronomija-aspira.hr\/wp-content\/uploads\/2017\/11\/kuhar.jpg"}],"twitter_card":"summary","twitter_misc":{"Est. reading time":"1 minute"},"schema":{"@context":"https:\/\/schema.org","@graph":[{"@type":"Organization","@id":"https:\/\/gastronomija-aspira.hr\/#organization","name":"Veleu\u010dili\u0161te Aspira","url":"https:\/\/gastronomija-aspira.hr\/","sameAs":[],"logo":{"@type":"ImageObject","@id":"https:\/\/gastronomija-aspira.hr\/#logo","inLanguage":"en-US","url":"https:\/\/gastronomija-aspira.hr\/wp-content\/uploads\/2016\/05\/aspira-studij-gastronomije.png","contentUrl":"https:\/\/gastronomija-aspira.hr\/wp-content\/uploads\/2016\/05\/aspira-studij-gastronomije.png","width":275,"height":60,"caption":"Veleu\u010dili\u0161te Aspira"},"image":{"@id":"https:\/\/gastronomija-aspira.hr\/#logo"}},{"@type":"WebSite","@id":"https:\/\/gastronomija-aspira.hr\/#website","url":"https:\/\/gastronomija-aspira.hr\/","name":"ASPIRA - Studijski smjer Gastronomije u Zagrebu i Splitu","description":"\u017deli\u0161 u\u010diti od najboljih i postati najbolji? Upi\u0161i studij Gastronomije u Zagrebu ili Splitu.","publisher":{"@id":"https:\/\/gastronomija-aspira.hr\/#organization"},"potentialAction":[{"@type":"SearchAction","target":{"@type":"EntryPoint","urlTemplate":"https:\/\/gastronomija-aspira.hr\/?s={search_term_string}"},"query-input":"required name=search_term_string"}],"inLanguage":"en-US"},{"@type":"ImageObject","@id":"https:\/\/gastronomija-aspira.hr\/en\/chef#primaryimage","inLanguage":"en-US","url":"https:\/\/gastronomija-aspira.hr\/wp-content\/uploads\/2017\/11\/kuhar.jpg","contentUrl":"https:\/\/gastronomija-aspira.hr\/wp-content\/uploads\/2017\/11\/kuhar.jpg","width":1618,"height":1080},{"@type":"WebPage","@id":"https:\/\/gastronomija-aspira.hr\/en\/chef#webpage","url":"https:\/\/gastronomija-aspira.hr\/en\/chef","name":"Chef - ASPIRA - Studijski smjer Gastronomije u Zagrebu i Splitu","isPartOf":{"@id":"https:\/\/gastronomija-aspira.hr\/#website"},"primaryImageOfPage":{"@id":"https:\/\/gastronomija-aspira.hr\/en\/chef#primaryimage"},"datePublished":"2017-11-29T14:14:41+00:00","dateModified":"2025-02-28T11:47:25+00:00","breadcrumb":{"@id":"https:\/\/gastronomija-aspira.hr\/en\/chef#breadcrumb"},"inLanguage":"en-US","potentialAction":[{"@type":"ReadAction","target":["https:\/\/gastronomija-aspira.hr\/en\/chef"]}]},{"@type":"BreadcrumbList","@id":"https:\/\/gastronomija-aspira.hr\/en\/chef#breadcrumb","itemListElement":[{"@type":"ListItem","position":1,"name":"Po\u010detna stranica","item":"https:\/\/gastronomija-aspira.hr\/en"},{"@type":"ListItem","position":2,"name":"Chef"}]}]}},"_links":{"self":[{"href":"https:\/\/gastronomija-aspira.hr\/en\/wp-json\/wp\/v2\/pages\/1829"}],"collection":[{"href":"https:\/\/gastronomija-aspira.hr\/en\/wp-json\/wp\/v2\/pages"}],"about":[{"href":"https:\/\/gastronomija-aspira.hr\/en\/wp-json\/wp\/v2\/types\/page"}],"author":[{"embeddable":true,"href":"https:\/\/gastronomija-aspira.hr\/en\/wp-json\/wp\/v2\/users\/1"}],"replies":[{"embeddable":true,"href":"https:\/\/gastronomija-aspira.hr\/en\/wp-json\/wp\/v2\/comments?post=1829"}],"version-history":[{"count":4,"href":"https:\/\/gastronomija-aspira.hr\/en\/wp-json\/wp\/v2\/pages\/1829\/revisions"}],"predecessor-version":[{"id":3550,"href":"https:\/\/gastronomija-aspira.hr\/en\/wp-json\/wp\/v2\/pages\/1829\/revisions\/3550"}],"wp:attachment":[{"href":"https:\/\/gastronomija-aspira.hr\/en\/wp-json\/wp\/v2\/media?parent=1829"}],"curies":[{"name":"wp","href":"https:\/\/api.w.org\/{rel}","templated":true}]}}